{"id":7218,"date":"2025-12-30T15:31:37","date_gmt":"2025-12-30T15:31:37","guid":{"rendered":"https:\/\/akademie-digitale-berufe.com\/?page_id=7218"},"modified":"2026-02-10T13:26:28","modified_gmt":"2026-02-10T13:26:28","slug":"7218-2","status":"publish","type":"page","link":"https:\/\/akademie-digitale-berufe.com\/en\/7218-2\/","title":{"rendered":""},"content":{"rendered":"<style>.kadence-column7218_987a04-47 > .kt-inside-inner-col{padding-top:0px;padding-right:0px;padding-bottom:0px;padding-left:0px;}.kadence-column7218_987a04-47 > .kt-inside-inner-col,.kadence-column7218_987a04-47 > .kt-inside-inner-col:before{border-top-left-radius:10px;border-top-right-radius:10px;border-bottom-right-radius:10px;border-bottom-left-radius:10px;}.kadence-column7218_987a04-47 > .kt-inside-inner-col{column-gap:var(--global-kb-gap-sm, 1rem);}.kadence-column7218_987a04-47 > .kt-inside-inner-col{flex-direction:column;}.kadence-column7218_987a04-47 > .kt-inside-inner-col > .aligncenter{width:100%;}.kadence-column7218_987a04-47 > .kt-inside-inner-col{background-color:#eaf0f4;background-image:url('https:\/\/akademie-digitale-berufe.com\/wp-content\/uploads\/2020\/11\/page_bg_03.jpg');background-size:cover;background-position:center center;background-attachment:scroll;background-repeat:no-repeat;}.kadence-column7218_987a04-47 > .kt-inside-inner-col:before{opacity:0.3;}.kadence-column7218_987a04-47{text-align:left;}.kadence-column7218_987a04-47{position:relative;}.kadence-column7218_987a04-47, .kt-inside-inner-col > .kadence-column7218_987a04-47:not(.specificity){margin-top:10px;margin-right:20px;margin-bottom:0px;margin-left:20px;}@media all and (max-width: 1024px){.kadence-column7218_987a04-47 > .kt-inside-inner-col{padding-top:0px;padding-right:30px;padding-bottom:60px;padding-left:30px;flex-direction:column;justify-content:center;}}@media all and (max-width: 1024px){.kadence-column7218_987a04-47, .kt-inside-inner-col > .kadence-column7218_987a04-47:not(.specificity){margin-top:0px;margin-right:0px;margin-bottom:0px;margin-left:0px;}}@media all and (max-width: 767px){.kadence-column7218_987a04-47 > .kt-inside-inner-col{padding-top:0px;padding-right:20px;padding-bottom:30px;padding-left:20px;flex-direction:column;justify-content:center;}.kadence-column7218_987a04-47, .kt-inside-inner-col > .kadence-column7218_987a04-47:not(.specificity){margin-top:0px;margin-right:0px;margin-bottom:0px;margin-left:0px;}}<\/style>\n<div class=\"wp-block-kadence-column kadence-column7218_987a04-47 inner-column-1\"><div class=\"kt-inside-inner-col\"><style>.kb-row-layout-wrap.wp-block-kadence-rowlayout.kb-row-layout-id7218_4a7087-2e{margin-top:150px;margin-bottom:0px;}.kb-row-layout-id7218_4a7087-2e > .kt-row-column-wrap{align-content:end;}:where(.kb-row-layout-id7218_4a7087-2e > .kt-row-column-wrap) > .wp-block-kadence-column{justify-content:end;}.kb-row-layout-id7218_4a7087-2e > .kt-row-column-wrap{column-gap:var(--global-kb-gap-none, 0rem );row-gap:var(--global-kb-gap-none, 0rem );max-width:1140px;margin-left:auto;margin-right:auto;padding-top:0px;padding-right:0px;padding-bottom:0px;padding-left:0px;grid-template-columns:minmax(0, 1fr);}.kb-row-layout-id7218_4a7087-2e > .kt-row-layout-overlay{opacity:0.30;}@media all and (max-width: 1024px){.kb-row-layout-wrap.wp-block-kadence-rowlayout.kb-row-layout-id7218_4a7087-2e{margin-top:150px;margin-bottom:0px;}}@media all and (max-width: 1024px){.kb-row-layout-id7218_4a7087-2e > .kt-row-column-wrap{padding-top:0px;padding-right:100px;padding-bottom:0px;padding-left:100px;grid-template-columns:minmax(0, 1fr);}}@media all and (max-width: 767px){.kb-row-layout-wrap.wp-block-kadence-rowlayout.kb-row-layout-id7218_4a7087-2e{margin-top:0px;margin-bottom:0px;}.kb-row-layout-id7218_4a7087-2e > .kt-row-column-wrap{padding-top:0px;padding-right:0px;padding-bottom:0px;padding-left:0px;grid-template-columns:minmax(0, 1fr);}}<\/style><div class=\"kb-row-layout-wrap kb-row-layout-id7218_4a7087-2e alignnone wp-block-kadence-rowlayout\"><div class=\"kt-row-column-wrap kt-has-2-columns kt-row-layout-row kt-tab-layout-row kt-mobile-layout-row kt-row-valign-bottom\">\n<style>.kadence-column7218_fbc774-b4 > .kt-inside-inner-col{padding-top:0px;padding-right:60px;padding-bottom:60px;padding-left:10px;}.kadence-column7218_fbc774-b4 > .kt-inside-inner-col,.kadence-column7218_fbc774-b4 > .kt-inside-inner-col:before{border-top-left-radius:0px;border-top-right-radius:0px;border-bottom-right-radius:0px;border-bottom-left-radius:0px;}.kadence-column7218_fbc774-b4 > .kt-inside-inner-col{column-gap:var(--global-kb-gap-sm, 1rem);}.kadence-column7218_fbc774-b4 > .kt-inside-inner-col{flex-direction:column;}.kadence-column7218_fbc774-b4 > .kt-inside-inner-col > .aligncenter{width:100%;}.kadence-column7218_fbc774-b4 > .kt-inside-inner-col:before{opacity:0.3;}.kadence-column7218_fbc774-b4{position:relative;}.kadence-column7218_fbc774-b4, .kt-inside-inner-col > .kadence-column7218_fbc774-b4:not(.specificity){margin-top:0px;margin-right:0px;margin-bottom:0px;margin-left:0px;}@media all and (max-width: 1024px){.kadence-column7218_fbc774-b4 > .kt-inside-inner-col{padding-top:0px;padding-right:60px;padding-bottom:0px;padding-left:60px;flex-direction:column;justify-content:center;}}@media all and (max-width: 1024px){.kadence-column7218_fbc774-b4, .kt-inside-inner-col > .kadence-column7218_fbc774-b4:not(.specificity){margin-top:0px;margin-right:0px;margin-bottom:0px;margin-left:0px;}}@media all and (max-width: 767px){.kadence-column7218_fbc774-b4 > .kt-inside-inner-col{padding-top:0px;padding-right:0px;padding-bottom:0px;padding-left:0px;flex-direction:column;justify-content:center;}.kadence-column7218_fbc774-b4, .kt-inside-inner-col > .kadence-column7218_fbc774-b4:not(.specificity){margin-top:120px;margin-right:0px;margin-bottom:0px;margin-left:0px;}}<\/style>\n<div class=\"wp-block-kadence-column kadence-column7218_fbc774-b4 inner-column-1\"><div class=\"kt-inside-inner-col\"><style>.wp-block-kadence-advancedheading.kt-adv-heading7218_623fdc-85, .wp-block-kadence-advancedheading.kt-adv-heading7218_623fdc-85[data-kb-block=\"kb-adv-heading7218_623fdc-85\"]{margin-top:0px;margin-bottom:32.5px;font-size:65px;font-weight:700;font-style:normal;}.wp-block-kadence-advancedheading.kt-adv-heading7218_623fdc-85 mark.kt-highlight, .wp-block-kadence-advancedheading.kt-adv-heading7218_623fdc-85[data-kb-block=\"kb-adv-heading7218_623fdc-85\"] mark.kt-highlight{font-style:normal;color:#f76a0c;-webkit-box-decoration-break:clone;box-decoration-break:clone;padding-top:0px;padding-right:0px;padding-bottom:0px;padding-left:0px;}.wp-block-kadence-advancedheading.kt-adv-heading7218_623fdc-85 img.kb-inline-image, .wp-block-kadence-advancedheading.kt-adv-heading7218_623fdc-85[data-kb-block=\"kb-adv-heading7218_623fdc-85\"] img.kb-inline-image{width:150px;vertical-align:baseline;}@media all and (max-width: 1024px){.wp-block-kadence-advancedheading.kt-adv-heading7218_623fdc-85, .wp-block-kadence-advancedheading.kt-adv-heading7218_623fdc-85[data-kb-block=\"kb-adv-heading7218_623fdc-85\"]{padding-top:20px;padding-bottom:30px;font-size:80px;text-align:center!important;}}@media all and (max-width: 767px){.wp-block-kadence-advancedheading.kt-adv-heading7218_623fdc-85, .wp-block-kadence-advancedheading.kt-adv-heading7218_623fdc-85[data-kb-block=\"kb-adv-heading7218_623fdc-85\"]{padding-top:0px;padding-right:0px;padding-bottom:0px;padding-left:0px;margin-bottom:40px;font-size:45px;line-height:1em;}}<\/style>\n<h1 class=\"kt-adv-heading7218_623fdc-85 wp-block-kadence-advancedheading has-theme-palette-3-color has-text-color\" data-kb-block=\"kb-adv-heading7218_623fdc-85\">Digitale B\u00fcroassistenz mit KI-Tools<\/h1>\n\n\n<style>.wp-block-kadence-advancedheading.kt-adv-heading7218_6f4169-d2, .wp-block-kadence-advancedheading.kt-adv-heading7218_6f4169-d2[data-kb-block=\"kb-adv-heading7218_6f4169-d2\"]{margin-bottom:20px;font-size:17px;font-weight:400;font-style:normal;font-family:Telex;}.wp-block-kadence-advancedheading.kt-adv-heading7218_6f4169-d2 mark.kt-highlight, .wp-block-kadence-advancedheading.kt-adv-heading7218_6f4169-d2[data-kb-block=\"kb-adv-heading7218_6f4169-d2\"] mark.kt-highlight{font-style:normal;color:#f76a0c;-webkit-box-decoration-break:clone;box-decoration-break:clone;padding-top:0px;padding-right:0px;padding-bottom:0px;padding-left:0px;}.wp-block-kadence-advancedheading.kt-adv-heading7218_6f4169-d2 img.kb-inline-image, .wp-block-kadence-advancedheading.kt-adv-heading7218_6f4169-d2[data-kb-block=\"kb-adv-heading7218_6f4169-d2\"] img.kb-inline-image{width:150px;vertical-align:baseline;}@media all and (max-width: 1024px){.wp-block-kadence-advancedheading.kt-adv-heading7218_6f4169-d2, .wp-block-kadence-advancedheading.kt-adv-heading7218_6f4169-d2[data-kb-block=\"kb-adv-heading7218_6f4169-d2\"]{text-align:center!important;}}<\/style>\n<p class=\"kt-adv-heading7218_6f4169-d2 wp-block-kadence-advancedheading has-theme-palette-1-color has-text-color\" data-kb-block=\"kb-adv-heading7218_6f4169-d2\"><strong>Zukunftsorientierte Weiterbildung f\u00fcr moderne B\u00fcro- und Assistenzberufe<\/strong>\u200b<\/p>\n\n\n\n<div class=\"wp-block-buttons is-layout-flex wp-block-buttons-is-layout-flex\">\n<div class=\"wp-block-button\"><a class=\"wp-block-button__link wp-element-button\" href=\"https:\/\/akademie-digitale-berufe.com\/wp-content\/uploads\/2025\/12\/Anmeldebogen_AkademieDigitaleBerufe.pdf\">Anmelden<\/a><\/div>\n<\/div>\n<\/div><\/div>\n\n\n<style>.kadence-column7218_e83ce0-d9 > .kt-inside-inner-col,.kadence-column7218_e83ce0-d9 > .kt-inside-inner-col:before{border-top-left-radius:0px;border-top-right-radius:0px;border-bottom-right-radius:0px;border-bottom-left-radius:0px;}.kadence-column7218_e83ce0-d9 > .kt-inside-inner-col{column-gap:var(--global-kb-gap-sm, 1rem);}.kadence-column7218_e83ce0-d9 > .kt-inside-inner-col{flex-direction:column;}.kadence-column7218_e83ce0-d9 > .kt-inside-inner-col > .aligncenter{width:100%;}.kadence-column7218_e83ce0-d9 > .kt-inside-inner-col:before{opacity:0.3;}.kadence-column7218_e83ce0-d9{position:relative;}@media all and (max-width: 1024px){.kadence-column7218_e83ce0-d9 > .kt-inside-inner-col{flex-direction:column;justify-content:center;}}@media all and (max-width: 767px){.kadence-column7218_e83ce0-d9 > .kt-inside-inner-col{flex-direction:column;justify-content:center;}}<\/style>\n<div class=\"wp-block-kadence-column kadence-column7218_e83ce0-d9\"><div class=\"kt-inside-inner-col\">\n<figure class=\"wp-block-image size-large\"><img loading=\"lazy\" decoding=\"async\" width=\"1024\" height=\"576\" src=\"https:\/\/akademie-digitale-berufe.com\/wp-content\/uploads\/2025\/12\/Digitale-Bueroassitenz-mit-KI-Tools\u200b-1-1024x576.png\" alt=\"\" class=\"wp-image-7220\" srcset=\"https:\/\/akademie-digitale-berufe.com\/wp-content\/uploads\/2025\/12\/Digitale-Bueroassitenz-mit-KI-Tools\u200b-1-1024x576.png 1024w, https:\/\/akademie-digitale-berufe.com\/wp-content\/uploads\/2025\/12\/Digitale-Bueroassitenz-mit-KI-Tools\u200b-1-300x169.png 300w, https:\/\/akademie-digitale-berufe.com\/wp-content\/uploads\/2025\/12\/Digitale-Bueroassitenz-mit-KI-Tools\u200b-1-768x432.png 768w, https:\/\/akademie-digitale-berufe.com\/wp-content\/uploads\/2025\/12\/Digitale-Bueroassitenz-mit-KI-Tools\u200b-1-18x10.png 18w, https:\/\/akademie-digitale-berufe.com\/wp-content\/uploads\/2025\/12\/Digitale-Bueroassitenz-mit-KI-Tools\u200b-1-600x338.png 600w, https:\/\/akademie-digitale-berufe.com\/wp-content\/uploads\/2025\/12\/Digitale-Bueroassitenz-mit-KI-Tools\u200b-1.png 1280w\" sizes=\"auto, (max-width: 1024px) 100vw, 1024px\" \/><\/figure>\n<\/div><\/div>\n\n<\/div><\/div><\/div><\/div>\n\n\n<style>.kb-row-layout-wrap.wp-block-kadence-rowlayout.kb-row-layout-id7218_7e2b39-94{margin-top:0px;margin-bottom:0px;}.kb-row-layout-id7218_7e2b39-94 > .kt-row-column-wrap{align-content:end;}:where(.kb-row-layout-id7218_7e2b39-94 > .kt-row-column-wrap) > .wp-block-kadence-column{justify-content:end;}.kb-row-layout-id7218_7e2b39-94 > .kt-row-column-wrap{column-gap:var(--global-kb-gap-none, 0rem );row-gap:var(--global-kb-gap-none, 0rem );padding-top:0px;padding-right:0px;padding-bottom:0px;padding-left:0px;grid-template-columns:minmax(0, 1fr);}.kb-row-layout-id7218_7e2b39-94{border-top-left-radius:0px;border-top-right-radius:0px;border-bottom-right-radius:0px;border-bottom-left-radius:0px;}.kb-row-layout-id7218_7e2b39-94 > .kt-row-layout-overlay{opacity:0.30;}@media all and (max-width: 1024px){.kb-row-layout-id7218_7e2b39-94 > .kt-row-column-wrap{padding-right:0px;padding-left:0px;grid-template-columns:minmax(0, 1fr);}}@media all and (max-width: 767px){.kb-row-layout-id7218_7e2b39-94 > .kt-row-column-wrap{padding-right:0px;padding-left:0px;grid-template-columns:minmax(0, 1fr);}}<\/style><div class=\"kb-row-layout-wrap kb-row-layout-id7218_7e2b39-94 alignnone wp-block-kadence-rowlayout\"><div class=\"kt-row-column-wrap kt-has-1-columns kt-row-layout-equal kt-tab-layout-inherit kt-mobile-layout-row kt-row-valign-bottom\">\n<style>.kadence-column7218_818e48-7a > .kt-inside-inner-col,.kadence-column7218_818e48-7a > .kt-inside-inner-col:before{border-top-left-radius:0px;border-top-right-radius:0px;border-bottom-right-radius:0px;border-bottom-left-radius:0px;}.kadence-column7218_818e48-7a > .kt-inside-inner-col{column-gap:var(--global-kb-gap-sm, 1rem);}.kadence-column7218_818e48-7a > .kt-inside-inner-col{flex-direction:column;}.kadence-column7218_818e48-7a > .kt-inside-inner-col > .aligncenter{width:100%;}.kadence-column7218_818e48-7a > .kt-inside-inner-col:before{opacity:0.3;}.kadence-column7218_818e48-7a{position:relative;}@media all and (max-width: 1024px){.kadence-column7218_818e48-7a > .kt-inside-inner-col{flex-direction:column;justify-content:center;}}@media all and (max-width: 767px){.kadence-column7218_818e48-7a > .kt-inside-inner-col{flex-direction:column;justify-content:center;}}<\/style>\n<div class=\"wp-block-kadence-column kadence-column7218_818e48-7a\"><div class=\"kt-inside-inner-col\"><\/div><\/div>\n\n<\/div><\/div>\n\n\n<p><\/p>\n\n\n\n<h2 class=\"wp-block-heading\"><strong>\u00dcber die Fortbildung<\/strong><\/h2>\n\n\n\n<p>Die Fortbildung <strong>\u201eDigitale B\u00fcroassistenz mit KI-Tools\u201c<\/strong> qualifiziert Teilnehmende f\u00fcr moderne Assistenz- und B\u00fcroaufgaben in einer digitalisierten Arbeitswelt.\u200b<br>Sie vermittelt praxisnah den Einsatz von <strong>K\u00fcnstlicher Intelligenz<\/strong>, digitalen Office-Tools und modernen Arbeitsmethoden zur effizienten Organisation, Kommunikation und Prozessunterst\u00fctzung im B\u00fcroalltag. Die Weiterbildung richtet sich an Personen, die ihre beruflichen Chancen im administrativen Bereich verbessern und sich gezielt auf die Anforderungen digitaler Arbeitspl\u00e4tze vorbereiten m\u00f6chten.\u200b<\/p>\n\n\n\n<h2 class=\"wp-block-heading\"><strong><strong>Dauer<\/strong><\/strong><\/h2>\n\n\n\n<ul class=\"wp-block-list\">\n<li>Vollzeit: Dauer: 5 Wochen \/ 100 % online \/ Seminarzeiten: 09 \u2013 14:30 Uhr\u200b<\/li>\n\n\n\n<li>Teilzeit: Auf Anfrage\u200b<\/li>\n\n\n\n<li>Beurfsbegleitend: Auf Anfrage<\/li>\n<\/ul>\n\n\n\n<h2 class=\"wp-block-heading\"><strong><strong>Zielgruppe<\/strong><\/strong><\/h2>\n\n\n\n<p>Die Fortbildung richtet sich insbesondere an:\u200b<\/p>\n\n\n\n<ul class=\"wp-block-list\">\n<li>Arbeitssuchende oder von Arbeitslosigkeit bedrohte Personen\u200b<\/li>\n\n\n\n<li>Wiedereinsteiger:innen nach Elternzeit oder beruflicher Pause\u200b<\/li>\n\n\n\n<li>Quereinsteiger:innen im B\u00fcro- und Assistenzbereich\u200b<\/li>\n\n\n\n<li>Personen mit kaufm\u00e4nnischem oder administrativem Hintergrund\u200b<\/li>\n\n\n\n<li>Personen, die digitale Kompetenzen und KI-Anwendungen im B\u00fcro erlernen m\u00f6chten<\/li>\n<\/ul>\n\n\n\n<h2 class=\"wp-block-heading\"><strong><strong>Ziel der Fortbildung<\/strong>\u200b<\/strong><\/h2>\n\n\n\n<p>Ziel der Ma\u00dfnahme ist es, die Teilnehmenden zu bef\u00e4higen,\u200b<\/p>\n\n\n\n<ul class=\"wp-block-list\">\n<li>ihre <strong>Besch\u00e4ftigungsf\u00e4higkeit<\/strong> im modernen Arbeitsmarkt nachhaltig zu erh\u00f6hen.<\/li>\n\n\n\n<li>digitale B\u00fcro- und Assistenzaufgaben selbstst\u00e4ndig zu \u00fcbernehmen,\u200b<\/li>\n\n\n\n<li>KI-gest\u00fctzte Tools sicher und verantwortungsvoll einzusetzen,\u200b<\/li>\n\n\n\n<li>Arbeitsprozesse effizienter zu gestalten,\u200b<\/li>\n\n\n\n<li>ihre <strong>Besch\u00e4ftigungsf\u00e4higkeit<\/strong> im modernen Arbeitsmarkt nachhaltig zu erh\u00f6hen.\u200b<\/li>\n<\/ul>\n\n\n\n<h2 class=\"wp-block-heading\"><strong><strong>Inhalte der Fortbildung<\/strong>\u200b<\/strong><\/h2>\n\n\n\n<ul class=\"wp-block-list\">\n<li>Woche 1: KI-Quick-Check &amp; Grundlagen<\/li>\n\n\n\n<li>Woche 2: ChatGPT im B\u00fcroalltag<\/li>\n\n\n\n<li>Woche 3: Microsoft Copilot in Office 365<\/li>\n\n\n\n<li>Woche 4: Kreative KI-Tools<\/li>\n\n\n\n<li>Woche 5: KI f\u00fcr Organisation &amp; Planung<\/li>\n\n\n\n<li>Woche 6: Projektarbeit &amp; Abschluss<\/li>\n<\/ul>\n\n\n\n<h2 class=\"wp-block-heading\"><strong><strong>Lernform &amp; Durchf\u00fchrung<\/strong>\u200b<\/strong><\/h2>\n\n\n\n<p><strong>100 % Online<\/strong><\/p>\n\n\n\n<p>\u200bKombination aus:\u200b<\/p>\n\n\n\n<ul class=\"wp-block-list\">\n<li>Digitalen Lernmodulen\u200b<\/li>\n\n\n\n<li>Betreuten Online-Einheiten\u200b<\/li>\n\n\n\n<li>Praxisnahen Aufgaben\u200b<\/li>\n\n\n\n<li>Selbstlernaufgaben<\/li>\n<\/ul>\n\n\n\n<p>Nutzung unserer Lernplattform\u200b<br><a href=\"http:\/\/www.akademie-digitale-berufe.de\/\" target=\"_blank\" rel=\"noreferrer noopener\"><strong>www.akademie-digitale-berufe.de<\/strong><\/a>\u200b<\/p>\n\n\n\n<p>Die Teilnehmenden werden w\u00e4hrend der gesamten Ma\u00dfnahme fachlich und organisatorisch begleitet.<\/p>\n\n\n\n<h2 class=\"wp-block-heading\"><strong><strong>Voraussetzungen<\/strong><\/strong><\/h2>\n\n\n\n<ul class=\"wp-block-list\">\n<li>Grundlegende Computerkenntnisse\u200b<\/li>\n\n\n\n<li>Interesse an digitalen Arbeitsmethoden\u200b<\/li>\n\n\n\n<li>Bereitschaft zum Online-Lernen\u200b<\/li>\n\n\n\n<li>Stabile Internetverbindung und eigenes Endger\u00e4t\u200b<\/li>\n\n\n\n<li>Die individuelle Eignung wird vor Ma\u00dfnahmebeginn im Rahmen einer <strong>Eignungsfeststellung<\/strong> gepr\u00fcft.<\/li>\n<\/ul>\n\n\n\n<h2 class=\"wp-block-heading\"><strong><strong>Abschluss &amp; Perspektiven<\/strong>\u200b<\/strong><\/h2>\n\n\n\n<p>Nach erfolgreichem Abschluss erhalten die Teilnehmenden eine <strong>Teilnahmebescheinigung<\/strong>.\u200b<\/p>\n\n\n\n<p>M\u00f6gliche berufliche Einsatzfelder:\u200b<\/p>\n\n\n\n<ul class=\"wp-block-list\">\n<li>B\u00fcro- und Assistenzpositionen\u200b<\/li>\n\n\n\n<li>Verwaltung und Sachbearbeitung\u200b<\/li>\n\n\n\n<li>Digitale Assistenz in Unternehmen\u200b<\/li>\n\n\n\n<li>Projekt- und Teamassistenz\u200b<\/li>\n\n\n\n<li>Unterst\u00fctzung von Selbstst\u00e4ndigen und KMU\u200b<\/li>\n<\/ul>\n\n\n\n<h2 class=\"wp-block-heading\"><strong><strong>F\u00f6rderung<\/strong><\/strong><\/h2>\n\n\n\n<p>Die Fortbildung ist <strong>AZAV-zertifizierungsf\u00e4hig<\/strong> und kann bei Vorliegen der Voraussetzungen \u00fcber einen <strong>Bildungsgutschein der Agentur f\u00fcr Arbeit oder des Jobcenters<\/strong> gef\u00f6rdert werden.\u200b<\/p>\n\n\n<style>.kadence-column7218_f250e1-19 > .kt-inside-inner-col,.kadence-column7218_f250e1-19 > .kt-inside-inner-col:before{border-top-left-radius:0px;border-top-right-radius:0px;border-bottom-right-radius:0px;border-bottom-left-radius:0px;}.kadence-column7218_f250e1-19 > .kt-inside-inner-col{column-gap:var(--global-kb-gap-sm, 1rem);}.kadence-column7218_f250e1-19 > .kt-inside-inner-col{flex-direction:column;}.kadence-column7218_f250e1-19 > .kt-inside-inner-col > .aligncenter{width:100%;}.kadence-column7218_f250e1-19 > .kt-inside-inner-col:before{opacity:0.3;}.kadence-column7218_f250e1-19{position:relative;}@media all and (max-width: 1024px){.kadence-column7218_f250e1-19 > .kt-inside-inner-col{flex-direction:column;justify-content:center;}}@media all and (max-width: 767px){.kadence-column7218_f250e1-19 > .kt-inside-inner-col{flex-direction:column;justify-content:center;}}<\/style>\n<div class=\"wp-block-kadence-column kadence-column7218_f250e1-19\"><div class=\"kt-inside-inner-col\"><style>.wp-block-kadence-advancedheading.kt-adv-heading7218_9c809b-19, .wp-block-kadence-advancedheading.kt-adv-heading7218_9c809b-19[data-kb-block=\"kb-adv-heading7218_9c809b-19\"]{max-width:1246px;margin-top:0px;margin-bottom:var(--global-kb-spacing-xs, 1rem);text-align:left;font-size:var(--global-kb-font-size-xl, 3rem);font-style:normal;}.wp-block-kadence-advancedheading.kt-adv-heading7218_9c809b-19 mark.kt-highlight, .wp-block-kadence-advancedheading.kt-adv-heading7218_9c809b-19[data-kb-block=\"kb-adv-heading7218_9c809b-19\"] mark.kt-highlight{font-style:normal;color:#f76a0c;-webkit-box-decoration-break:clone;box-decoration-break:clone;padding-top:0px;padding-right:0px;padding-bottom:0px;padding-left:0px;}.wp-block-kadence-advancedheading.kt-adv-heading7218_9c809b-19 img.kb-inline-image, .wp-block-kadence-advancedheading.kt-adv-heading7218_9c809b-19[data-kb-block=\"kb-adv-heading7218_9c809b-19\"] img.kb-inline-image{width:150px;vertical-align:baseline;}<\/style>\n<h2 class=\"kt-adv-heading7218_9c809b-19 wp-block-kadence-advancedheading has-theme-palette-3-color has-text-color\" data-kb-block=\"kb-adv-heading7218_9c809b-19\"><strong><strong>Anmeldung &amp; Beratung<\/strong>\u200b<\/strong><\/h2>\n<\/div><\/div>\n\n\n\n<p>Gerne beraten wir Sie pers\u00f6nlich zur Fortbildung, zu F\u00f6rderm\u00f6glichkeiten und zum Ablauf.\u200b<\/p>\n\n\n\n<p>\ud83d\udce7 Kontakt: <a href=\"mailto:info@draw-my-business.de\">info@draw-my-business.de<\/a><br>\ud83c\udf10 Website: <a href=\"http:\/\/www.akademie-digitale-berufe.de\/\" target=\"_blank\" rel=\"noreferrer noopener\">www.akademie-digitale-berufe.de<\/a><\/p>\n\n\n\n<p><\/p>\n","protected":false},"excerpt":{"rendered":"<p>Digitale B\u00fcroassistenz mit KI-Tools Zukunftsorientierte Weiterbildung f\u00fcr moderne B\u00fcro- und Assistenzberufe\u200b \u00dcber die Fortbildung Die Fortbildung \u201eDigitale B\u00fcroassistenz mit KI-Tools\u201c qualifiziert Teilnehmende f\u00fcr moderne Assistenz- und B\u00fcroaufgaben in einer digitalisierten Arbeitswelt.\u200bSie vermittelt praxisnah den Einsatz von K\u00fcnstlicher Intelligenz, digitalen Office-Tools und modernen Arbeitsmethoden zur effizienten Organisation, Kommunikation und Prozessunterst\u00fctzung im B\u00fcroalltag. Die Weiterbildung richtet sich&#8230;<\/p>","protected":false},"author":383,"featured_media":0,"parent":0,"menu_order":0,"comment_status":"closed","ping_status":"closed","template":"","meta":{"_eb_attr":"","_kadence_starter_templates_imported_post":false,"_kad_post_transparent":"","_kad_post_title":"hide","_kad_post_layout":"","_kad_post_sidebar_id":"","_kad_post_content_style":"","_kad_post_vertical_padding":"","_kad_post_feature":"","_kad_post_feature_position":"","_kad_post_header":false,"_kad_post_footer":false,"_kad_post_classname":"","footnotes":""},"class_list":["post-7218","page","type-page","status-publish","hentry"],"_links":{"self":[{"href":"https:\/\/akademie-digitale-berufe.com\/en\/wp-json\/wp\/v2\/pages\/7218","targetHints":{"allow":["GET"]}}],"collection":[{"href":"https:\/\/akademie-digitale-berufe.com\/en\/wp-json\/wp\/v2\/pages"}],"about":[{"href":"https:\/\/akademie-digitale-berufe.com\/en\/wp-json\/wp\/v2\/types\/page"}],"author":[{"embeddable":true,"href":"https:\/\/akademie-digitale-berufe.com\/en\/wp-json\/wp\/v2\/users\/383"}],"replies":[{"embeddable":true,"href":"https:\/\/akademie-digitale-berufe.com\/en\/wp-json\/wp\/v2\/comments?post=7218"}],"version-history":[{"count":11,"href":"https:\/\/akademie-digitale-berufe.com\/en\/wp-json\/wp\/v2\/pages\/7218\/revisions"}],"predecessor-version":[{"id":7349,"href":"https:\/\/akademie-digitale-berufe.com\/en\/wp-json\/wp\/v2\/pages\/7218\/revisions\/7349"}],"wp:attachment":[{"href":"https:\/\/akademie-digitale-berufe.com\/en\/wp-json\/wp\/v2\/media?parent=7218"}],"curies":[{"name":"wp","href":"https:\/\/api.w.org\/{rel}","templated":true}]}}