{"id":4506,"date":"2023-06-19T13:18:14","date_gmt":"2023-06-19T13:18:14","guid":{"rendered":"https:\/\/akademie-digitale-berufe.com\/?page_id=4506"},"modified":"2023-06-20T12:16:53","modified_gmt":"2023-06-20T12:16:53","slug":"agbs","status":"publish","type":"page","link":"https:\/\/akademie-digitale-berufe.com\/en\/agbs\/","title":{"rendered":"AGBs"},"content":{"rendered":"<style>.kb-row-layout-wrap.wp-block-kadence-rowlayout.kb-row-layout-id_5b4545-53{margin-top:0px;margin-bottom:0px;}.kb-row-layout-id_5b4545-53 > .kt-row-column-wrap{align-content:end;}:where(.kb-row-layout-id_5b4545-53 > .kt-row-column-wrap) > .wp-block-kadence-column{justify-content:end;}.kb-row-layout-id_5b4545-53 > .kt-row-column-wrap{column-gap:var(--global-kb-gap-none, 0rem );row-gap:var(--global-kb-gap-none, 0rem );padding-top:0px;padding-right:0px;padding-bottom:0px;padding-left:0px;grid-template-columns:minmax(0, 1fr);}.kb-row-layout-id_5b4545-53{border-top-left-radius:0px;border-top-right-radius:0px;border-bottom-right-radius:0px;border-bottom-left-radius:0px;}.kb-row-layout-id_5b4545-53 > .kt-row-layout-overlay{opacity:0.30;}@media all and (max-width: 1024px){.kb-row-layout-id_5b4545-53 > .kt-row-column-wrap{padding-right:0px;padding-left:0px;grid-template-columns:minmax(0, 1fr);}}@media all and (max-width: 767px){.kb-row-layout-id_5b4545-53 > .kt-row-column-wrap{padding-right:0px;padding-left:0px;grid-template-columns:minmax(0, 1fr);}}<\/style><div class=\"kb-row-layout-wrap kb-row-layout-id_5b4545-53 alignnone wp-block-kadence-rowlayout\"><div class=\"kt-row-column-wrap kt-has-1-columns kt-row-layout-equal kt-tab-layout-inherit kt-mobile-layout-row kt-row-valign-bottom\">\n<style>.kadence-column_d7dc65-d7 > .kt-inside-inner-col{padding-top:0px;padding-right:0px;padding-bottom:0px;padding-left:0px;}.kadence-column_d7dc65-d7 > .kt-inside-inner-col,.kadence-column_d7dc65-d7 > .kt-inside-inner-col:before{border-top-left-radius:10px;border-top-right-radius:10px;border-bottom-right-radius:10px;border-bottom-left-radius:10px;}.kadence-column_d7dc65-d7 > .kt-inside-inner-col{column-gap:var(--global-kb-gap-sm, 1rem);}.kadence-column_d7dc65-d7 > .kt-inside-inner-col{flex-direction:column;}.kadence-column_d7dc65-d7 > .kt-inside-inner-col > .aligncenter{width:100%;}.kadence-column_d7dc65-d7 > .kt-inside-inner-col{background-color:#eaf0f4;background-image:url('https:\/\/akademie-digitale-berufe.com\/wp-content\/uploads\/2020\/11\/page_bg_03.jpg');background-size:cover;background-position:center center;background-attachment:scroll;background-repeat:no-repeat;}.kadence-column_d7dc65-d7 > .kt-inside-inner-col:before{opacity:0.3;}.kadence-column_d7dc65-d7{text-align:left;}.kadence-column_d7dc65-d7{position:relative;}.kadence-column_d7dc65-d7, .kt-inside-inner-col > .kadence-column_d7dc65-d7:not(.specificity){margin-top:10px;margin-right:20px;margin-bottom:0px;margin-left:20px;}@media all and (max-width: 1024px){.kadence-column_d7dc65-d7 > .kt-inside-inner-col{padding-top:0px;padding-right:30px;padding-bottom:60px;padding-left:30px;flex-direction:column;justify-content:center;}}@media all and (max-width: 1024px){.kadence-column_d7dc65-d7, .kt-inside-inner-col > .kadence-column_d7dc65-d7:not(.specificity){margin-top:0px;margin-right:0px;margin-bottom:0px;margin-left:0px;}}@media all and (max-width: 767px){.kadence-column_d7dc65-d7 > .kt-inside-inner-col{padding-top:0px;padding-right:20px;padding-bottom:30px;padding-left:20px;flex-direction:column;justify-content:center;}.kadence-column_d7dc65-d7, .kt-inside-inner-col > .kadence-column_d7dc65-d7:not(.specificity){margin-top:0px;margin-right:0px;margin-bottom:0px;margin-left:0px;}}<\/style>\n<div class=\"wp-block-kadence-column kadence-column_d7dc65-d7 inner-column-1\"><div class=\"kt-inside-inner-col\"><style>.kb-row-layout-wrap.wp-block-kadence-rowlayout.kb-row-layout-id_8e3a4e-41{margin-top:150px;margin-bottom:0px;}.kb-row-layout-id_8e3a4e-41 > .kt-row-column-wrap{align-content:end;}:where(.kb-row-layout-id_8e3a4e-41 > .kt-row-column-wrap) > .wp-block-kadence-column{justify-content:end;}.kb-row-layout-id_8e3a4e-41 > .kt-row-column-wrap{column-gap:var(--global-kb-gap-none, 0rem );row-gap:var(--global-kb-gap-none, 0rem );max-width:1140px;margin-left:auto;margin-right:auto;padding-top:0px;padding-right:0px;padding-bottom:0px;padding-left:0px;grid-template-columns:minmax(0, 1fr);}.kb-row-layout-id_8e3a4e-41 > .kt-row-layout-overlay{opacity:0.30;}@media all and (max-width: 1024px){.kb-row-layout-wrap.wp-block-kadence-rowlayout.kb-row-layout-id_8e3a4e-41{margin-top:150px;margin-bottom:0px;}}@media all and (max-width: 1024px){.kb-row-layout-id_8e3a4e-41 > .kt-row-column-wrap{padding-top:0px;padding-right:100px;padding-bottom:0px;padding-left:100px;grid-template-columns:minmax(0, 1fr);}}@media all and (max-width: 767px){.kb-row-layout-wrap.wp-block-kadence-rowlayout.kb-row-layout-id_8e3a4e-41{margin-top:0px;margin-bottom:0px;}.kb-row-layout-id_8e3a4e-41 > .kt-row-column-wrap{padding-top:0px;padding-right:0px;padding-bottom:0px;padding-left:0px;grid-template-columns:minmax(0, 1fr);}}<\/style><div class=\"kb-row-layout-wrap kb-row-layout-id_8e3a4e-41 alignnone wp-block-kadence-rowlayout\"><div class=\"kt-row-column-wrap kt-has-2-columns kt-row-layout-row kt-tab-layout-row kt-mobile-layout-row kt-row-valign-bottom\">\n<style>.kadence-column_39bbba-85 > .kt-inside-inner-col{padding-top:0px;padding-right:60px;padding-bottom:60px;padding-left:10px;}.kadence-column_39bbba-85 > .kt-inside-inner-col,.kadence-column_39bbba-85 > .kt-inside-inner-col:before{border-top-left-radius:0px;border-top-right-radius:0px;border-bottom-right-radius:0px;border-bottom-left-radius:0px;}.kadence-column_39bbba-85 > .kt-inside-inner-col{column-gap:var(--global-kb-gap-sm, 1rem);}.kadence-column_39bbba-85 > .kt-inside-inner-col{flex-direction:column;}.kadence-column_39bbba-85 > .kt-inside-inner-col > .aligncenter{width:100%;}.kadence-column_39bbba-85 > .kt-inside-inner-col:before{opacity:0.3;}.kadence-column_39bbba-85{position:relative;}.kadence-column_39bbba-85, .kt-inside-inner-col > .kadence-column_39bbba-85:not(.specificity){margin-top:0px;margin-right:0px;margin-bottom:0px;margin-left:0px;}@media all and (max-width: 1024px){.kadence-column_39bbba-85 > .kt-inside-inner-col{padding-top:0px;padding-right:60px;padding-bottom:0px;padding-left:60px;flex-direction:column;justify-content:center;}}@media all and (max-width: 1024px){.kadence-column_39bbba-85, .kt-inside-inner-col > .kadence-column_39bbba-85:not(.specificity){margin-top:0px;margin-right:0px;margin-bottom:0px;margin-left:0px;}}@media all and (max-width: 767px){.kadence-column_39bbba-85 > .kt-inside-inner-col{padding-top:0px;padding-right:0px;padding-bottom:0px;padding-left:0px;flex-direction:column;justify-content:center;}.kadence-column_39bbba-85, .kt-inside-inner-col > .kadence-column_39bbba-85:not(.specificity){margin-top:120px;margin-right:0px;margin-bottom:0px;margin-left:0px;}}<\/style>\n<div class=\"wp-block-kadence-column kadence-column_39bbba-85 inner-column-1\"><div class=\"kt-inside-inner-col\"><style>.wp-block-kadence-advancedheading.kt-adv-heading_0f09b9-83, .wp-block-kadence-advancedheading.kt-adv-heading_0f09b9-83[data-kb-block=\"kb-adv-heading_0f09b9-83\"]{margin-bottom:20px;font-size:17px;font-weight:400;font-style:normal;font-family:Telex;}.wp-block-kadence-advancedheading.kt-adv-heading_0f09b9-83 mark.kt-highlight, .wp-block-kadence-advancedheading.kt-adv-heading_0f09b9-83[data-kb-block=\"kb-adv-heading_0f09b9-83\"] mark.kt-highlight{font-style:normal;color:#f76a0c;-webkit-box-decoration-break:clone;box-decoration-break:clone;padding-top:0px;padding-right:0px;padding-bottom:0px;padding-left:0px;}.wp-block-kadence-advancedheading.kt-adv-heading_0f09b9-83 img.kb-inline-image, .wp-block-kadence-advancedheading.kt-adv-heading_0f09b9-83[data-kb-block=\"kb-adv-heading_0f09b9-83\"] img.kb-inline-image{width:150px;vertical-align:baseline;}@media all and (max-width: 1024px){.wp-block-kadence-advancedheading.kt-adv-heading_0f09b9-83, .wp-block-kadence-advancedheading.kt-adv-heading_0f09b9-83[data-kb-block=\"kb-adv-heading_0f09b9-83\"]{text-align:center!important;}}<\/style>\n<p class=\"kt-adv-heading_0f09b9-83 wp-block-kadence-advancedheading has-theme-palette-1-color has-text-color\" data-kb-block=\"kb-adv-heading_0f09b9-83\">Wichtige Daten!<\/p>\n\n\n<style>.wp-block-kadence-advancedheading.kt-adv-heading_9726e7-88, .wp-block-kadence-advancedheading.kt-adv-heading_9726e7-88[data-kb-block=\"kb-adv-heading_9726e7-88\"]{margin-top:0px;margin-bottom:32.5px;font-size:65px;font-weight:700;font-style:normal;}.wp-block-kadence-advancedheading.kt-adv-heading_9726e7-88 mark.kt-highlight, .wp-block-kadence-advancedheading.kt-adv-heading_9726e7-88[data-kb-block=\"kb-adv-heading_9726e7-88\"] mark.kt-highlight{font-style:normal;color:#f76a0c;-webkit-box-decoration-break:clone;box-decoration-break:clone;padding-top:0px;padding-right:0px;padding-bottom:0px;padding-left:0px;}.wp-block-kadence-advancedheading.kt-adv-heading_9726e7-88 img.kb-inline-image, .wp-block-kadence-advancedheading.kt-adv-heading_9726e7-88[data-kb-block=\"kb-adv-heading_9726e7-88\"] img.kb-inline-image{width:150px;vertical-align:baseline;}@media all and (max-width: 1024px){.wp-block-kadence-advancedheading.kt-adv-heading_9726e7-88, .wp-block-kadence-advancedheading.kt-adv-heading_9726e7-88[data-kb-block=\"kb-adv-heading_9726e7-88\"]{padding-top:20px;padding-bottom:30px;font-size:80px;text-align:center!important;}}@media all and (max-width: 767px){.wp-block-kadence-advancedheading.kt-adv-heading_9726e7-88, .wp-block-kadence-advancedheading.kt-adv-heading_9726e7-88[data-kb-block=\"kb-adv-heading_9726e7-88\"]{padding-top:0px;padding-right:0px;padding-bottom:0px;padding-left:0px;margin-bottom:40px;font-size:45px;line-height:1em;}}<\/style>\n<h1 class=\"kt-adv-heading_9726e7-88 wp-block-kadence-advancedheading has-theme-palette-3-color has-text-color\" data-kb-block=\"kb-adv-heading_9726e7-88\">Allgemeine Gesch\u00e4ftsbedinggungen<\/h1>\n<\/div><\/div>\n\n\n<style>.kadence-column_6cd8db-8b > .kt-inside-inner-col,.kadence-column_6cd8db-8b > .kt-inside-inner-col:before{border-top-left-radius:0px;border-top-right-radius:0px;border-bottom-right-radius:0px;border-bottom-left-radius:0px;}.kadence-column_6cd8db-8b > .kt-inside-inner-col{column-gap:var(--global-kb-gap-sm, 1rem);}.kadence-column_6cd8db-8b > .kt-inside-inner-col{flex-direction:column;}.kadence-column_6cd8db-8b > .kt-inside-inner-col > .aligncenter{width:100%;}.kadence-column_6cd8db-8b > .kt-inside-inner-col:before{opacity:0.3;}.kadence-column_6cd8db-8b{position:relative;}@media all and (max-width: 1024px){.kadence-column_6cd8db-8b > .kt-inside-inner-col{flex-direction:column;justify-content:center;}}@media all and (max-width: 767px){.kadence-column_6cd8db-8b > .kt-inside-inner-col{flex-direction:column;justify-content:center;}}<\/style>\n<div class=\"wp-block-kadence-column kadence-column_6cd8db-8b\"><div class=\"kt-inside-inner-col\"><\/div><\/div>\n\n<\/div><\/div><\/div><\/div>\n\n<\/div><\/div>\n\n\n<p><\/p>\n\n\n\n<p>Die Akademie digitale Berufe ist ein Gesch\u00e4ftsbereich der Draw my Business \u2013 Insitut f\u00fcr Digitalisierung &amp; Digital Storytelling GmbH (Im Folgenden \u201cInstitut\u201d genannt).<\/p>\n\n\n\n<p><strong>Anmeldung<\/strong><\/p>\n\n\n\n<p>Bitte melden Sie sich online \u00fcber unsere Website an. Bei einer Online-Buchung wird die Geb\u00fchr sofort nach der Anmeldung und Kauf \u00fcber die Warenkorbfunktion abgebucht.<\/p>\n\n\n\n<p>Falls Sie nicht den Warenkorb unserer Website oder die von uns vorbereiteten Formulare verwenden, geben Sie uns bitte unbedingt den Namen des Teilnehmers und die vollst\u00e4ndige Firmenanschrift bzw. Rechnungsanschrift mit Telefon- und Faxnummer sowie E-Mail-Adresse an. Ihre Anmeldung ist verbindlich und wird in der Reihenfolge des Eingangs von uns gebucht. Sollte die Veranstaltung bereits ausgebucht sein, melden wir uns umgehend, ansonsten senden wir Ihnen Ihre Anmeldebest\u00e4tigung zu. Es gelten die zum Buchungsdatum im Online-Shop angegebenen Preise. Falls keine Online-Buchung erfolgt, stellen wir die Teilnahmegeb\u00fchren in der Regel kurz nach dem Veranstaltungsbeginn in Rechnung.<\/p>\n\n\n\n<p><strong>Rabattm\u00f6glichkeiten<\/strong><\/p>\n\n\n\n<p>Die von uns angebotenen verschiedenen Rabattm\u00f6glichkeiten sind nicht kombinierbar. Dies gilt auch f\u00fcr bereits rabattierte Gesamtpreise. Sie erhalten von uns grunds\u00e4tzlich den f\u00fcr Sie g\u00fcnstigsten Rabatt.<\/p>\n\n\n\n<p><strong>\u00c4nderungsvorbehalte<\/strong><\/p>\n\n\n\n<p>Wir sind berechtigt, notwendige inhaltliche, methodische und organisatorische \u00c4nderungen oder Abweichungen (z. B. aufgrund von Rechts\u00e4nderungen) vor oder w\u00e4hrend der Veranstaltung vorzunehmen, soweit diese den Nutzen der angek\u00fcndigten Veranstaltung f\u00fcr den Teilnehmer nicht wesentlich \u00e4ndern. Wir sind berechtigt, die vorgesehenen Referenten im Bedarfsfall (z. B. Krankheit, Unfall) durch andere hinsichtlich des angek\u00fcndigten Themas gleich qualifizierte Personen zu ersetzen.<\/p>\n\n\n\n<p>Die im Rahmen der Weiterbildung zur Verf\u00fcgung gestellten Dokumente werden nach bestem Wissen und Kenntnisstand erstellt. Haftung und Gew\u00e4hr f\u00fcr die Korrektheit, Aktualit\u00e4t, Vollst\u00e4ndigkeit und Qualit\u00e4t der Inhalte sind ausgeschlossen.<\/p>\n\n\n\n<p><strong>Eigentumsvorbehalt und Nutzung von Lehrmaterial<\/strong><\/p>\n\n\n\n<p>Wir behalten uns bei allen Lieferungen von Lehrmaterialien das uneingeschr\u00e4nkte Eigentum bis zur vollst\u00e4ndigen Erf\u00fcllung s\u00e4mtlicher Zahlungsverpflichtungen durch den Kunden vor. Die Weitergabe an Dritte, also an Personen, die weder Arbeitskollegen oder Mitarbeiter des Kunden sind, oder \u00f6ffentliche Verbreitung oder Zug\u00e4nglichmachung von Lehrgangsunterlagen oder Lehrmaterialien ist nicht zugelassen. Insbesondere die Ver\u00f6ffentlichung von Audio- oder Videodaten, digitalen Pr\u00e4sentationen oder Skripten in \u00f6ffentlich zug\u00e4nglichen Internetportalen (Sharing) ist untersagt.<\/p>\n\n\n\n<p><strong>K\u00fcndigungsbedingungen<\/strong><\/p>\n\n\n\n<p>Der Veranstalter und der Teilnehmer haben das Recht, diesen Vertrag jederzeit aus wichtigem Grund zu k\u00fcndigen. Vertragsschluss ist der Tag der Vertragsunterzeichnung.<\/p>\n\n\n\n<p><strong>Widerrufsbelehrung und Widerrufsrecht<\/strong><\/p>\n\n\n\n<p>Sie haben das Recht, binnen vierzehn Tagen ohne Angabe von Gr\u00fcnden diesen Vertrag zu widerrufen. Die Widerrufsfrist betr\u00e4gt vierzehn Tage ab dem Tag, an dem Sie oder ein von Ihnen benannter Dritter, das erste Fernlehrmaterial in Besitz genommen haben bzw. hat. Um Ihr Widerrufsrecht auszu\u00fcben, m\u00fcssen Sie uns mittels einer eindeutigen Erkl\u00e4rung (z. B. ein mit der Post versandter Brief, Telefax oder E-Mail) \u00fcber Ihren Entschluss, diesen Vertrag zu widerrufen, informieren. Sie k\u00f6nnen daf\u00fcr das Muster-Widerrufsformular verwenden, das Sie <a href=\"https:\/\/drawmybusiness.de\/wp-content\/uploads\/2018\/02\/Musterwiderrufsformular.pdf\" target=\"_blank\" rel=\"noreferrer noopener\">hier<\/a> herunterladen k\u00f6nnen. Dies ist jedoch nicht vorgeschrieben. Zur Wahrung der Widerrufsfrist reicht es aus, dass Sie die Mitteilung \u00fcber die Aus\u00fcbung des Widerrufsrechts vor Ablauf der Widerrufsfrist absenden. Der Widerruf ist zu richten an: Draw my Business \u2013 Institut f\u00fcr Digitalisierung &amp; Digital Storytelling, Dipl.-Ing. Anabel Derlam, Jakob-Weitz-Str. 24, 41472 Neuss, <a href=\"mailto:Info@draw-my-business.de\">Info@draw-my-business.de<\/a><\/p>\n\n\n\n<p><strong>Widerrufsfolgen<\/strong><\/p>\n\n\n\n<p>Wenn Sie diesen Vertrag widerrufen, haben wir Ihnen alle Zahlungen, die wir von Ihnen erhalten haben, einschlie\u00dflich der Lieferkosten (mit Ausnahme der zus\u00e4tzlichen Kosten, die sich daraus ergeben, dass Sie eine andere Art der Lieferung als die von uns angebotene, g\u00fcnstigste Standardlieferung gew\u00e4hlt haben), unverz\u00fcglich und sp\u00e4testens binnen vierzehn Tagen ab dem Tag zur\u00fcckzuzahlen, an dem die Mitteilung \u00fcber Ihren Widerruf dieses Vertrags bei uns eingegangen ist. F\u00fcr diese R\u00fcckzahlung verwenden wir dasselbe Zahlungsmittel, das Sie bei der urspr\u00fcnglichen Transaktion eingesetzt haben, es sei denn, mit Ihnen wurde ausdr\u00fccklich etwas anderes vereinbart; in keinem Fall werden Ihnen wegen dieser R\u00fcckzahlung Entgelte berechnet. Wir k\u00f6nnen die R\u00fcckzahlung verweigern, bis wir die Waren wieder zur\u00fcckerhalten haben oder bis Sie den Nachweis erbracht haben, dass Sie die Waren zur\u00fcckgesandt haben, je nachdem, welches der fr\u00fchere Zeitpunkt ist. Sie haben die Waren unverz\u00fcglich und in jedem Fall sp\u00e4testens binnen vierzehn Tagen ab dem Tag, an dem Sie uns \u00fcber den Widerruf dieses Vertrags unterrichten, an uns zur\u00fcckzusenden oder zu \u00fcbergeben. Die Frist ist gewahrt, wenn Sie die Waren vor Ablauf der Frist von vierzehn Tagen absenden. Sie tragen die unmittelbaren Kosten der R\u00fccksendung der Waren.<\/p>\n\n\n\n<p><strong>Haftung<\/strong><\/p>\n\n\n\n<p>Die Website des Instituts enth\u00e4lt Links zu Webseiten Dritter. Das Institut stellt diese Links als zus\u00e4tzlichen Service bzw. aus Gef\u00e4lligkeit zur Verf\u00fcgung. Das Institut hat keine Einflussm\u00f6glichkeiten auf Inhalte der verlinkten Webseiten von Drittanbietern. Daher haftet das Institut nicht f\u00fcr die Richtigkeit, Aktualit\u00e4t und Vollst\u00e4ndigkeit der dort gemachten Angaben. Des Weiteren distanziert sich das Institut ausdr\u00fccklich vom Inhalt aller verlinkten Seiten. F\u00fcr die Funktionsf\u00e4higkeit und\/oder Richtigkeit der Seiten oder darauf angebotenen Daten, Dienst- oder Werkleistungen \u00fcbernimmt das Institut keine Gew\u00e4hrleistung und haftet unter keinen Umst\u00e4nden f\u00fcr Sch\u00e4den bzw. Folgesch\u00e4den oder irgendeiner Art von Verlusten, die mittelbar oder unmittelbar hervorgerufen werden durch den Betrieb, den Nicht-Betrieb, den Gebrauch oder die Verwendung in irgendeiner Form. Das Institut macht darauf aufmerksam, dass vertragliche Beziehungen zu Drittanbietern ausschlie\u00dflich nach deren Gesch\u00e4ftsbedingungen zu Stande kommen.<\/p>\n\n\n\n<p><strong>Datenschutz\/Datenspeicherung<\/strong><\/p>\n\n\n\n<p>Hinweis nach \u00a7 33 BDSG: Die Speicherung und Verarbeitung der Kundendaten erfolgt unter strikter Beachtung des Bundesdatenschutzgesetzes durch das Institut, von uns beauftragten neutralen Dienstleistern und befreundeten Unternehmen.<\/p>\n\n\n\n<p>Unsere aktuelle Datenschutzvereinbarung unter Ber\u00fccksichtigung der DSGVO k\u00f6nnen Sie hier abrufen: <a href=\"https:\/\/akademie-digitale-berufe.de\/datenschutzerklaerung\/\">https:\/\/akademie-digitale-berufe.de\/datenschutzerklaerung\/<\/a><\/p>\n\n\n\n<p><strong>Schlussbestimmungen<\/strong><\/p>\n\n\n\n<p>Die rechtsgesch\u00e4ftliche Durchf\u00fchrung (Abrechnung etc.) erfolgt durch Draw my Business \u2013 Institut f\u00fcr Digitalisierung &amp; Digital Storytelling, Dipl.-Ing. Anabel Derlam m eigenen Namen<\/p>\n\n\n\n<p>Commerzbank<br>BIC DRESDEFF300<br>IBAN&nbsp;DE88300800000181567200<\/p>\n\n\n\n<p><strong>Erf\u00fcllungsort und Gerichtsstand<\/strong>&nbsp;ist Neuss.<\/p>\n\n\n\n<p>Draw my Business \u2013<br>Institut f\u00fcr Digitalisierung &amp; Digital Storytelling GmbH<br>Dipl.-Ing. Anabel Derlam<br>Jakob-Weitz-Str. 24<\/p>\n\n\n\n<p>41472 Neuss<\/p>\n\n\n\n<p><\/p>\n\n\n\n<p><\/p>\n\n\n\n<p><\/p>\n","protected":false},"excerpt":{"rendered":"<p>Wichtige Daten! Allgemeine Gesch\u00e4ftsbedinggungen Die Akademie digitale Berufe ist ein Gesch\u00e4ftsbereich der Draw my Business \u2013 Insitut f\u00fcr Digitalisierung &amp; Digital Storytelling GmbH (Im Folgenden \u201cInstitut\u201d genannt). Anmeldung Bitte melden Sie sich online \u00fcber unsere Website an. Bei einer Online-Buchung wird die Geb\u00fchr sofort nach der Anmeldung und Kauf \u00fcber die Warenkorbfunktion abgebucht. Falls Sie&#8230;<\/p>","protected":false},"author":2,"featured_media":0,"parent":0,"menu_order":0,"comment_status":"closed","ping_status":"closed","template":"","meta":{"_eb_attr":"","_kadence_starter_templates_imported_post":false,"_kad_post_transparent":"","_kad_post_title":"hide","_kad_post_layout":"","_kad_post_sidebar_id":"","_kad_post_content_style":"","_kad_post_vertical_padding":"","_kad_post_feature":"","_kad_post_feature_position":"","_kad_post_header":false,"_kad_post_footer":false,"_kad_post_classname":"","footnotes":""},"class_list":["post-4506","page","type-page","status-publish","hentry"],"_links":{"self":[{"href":"https:\/\/akademie-digitale-berufe.com\/en\/wp-json\/wp\/v2\/pages\/4506","targetHints":{"allow":["GET"]}}],"collection":[{"href":"https:\/\/akademie-digitale-berufe.com\/en\/wp-json\/wp\/v2\/pages"}],"about":[{"href":"https:\/\/akademie-digitale-berufe.com\/en\/wp-json\/wp\/v2\/types\/page"}],"author":[{"embeddable":true,"href":"https:\/\/akademie-digitale-berufe.com\/en\/wp-json\/wp\/v2\/users\/2"}],"replies":[{"embeddable":true,"href":"https:\/\/akademie-digitale-berufe.com\/en\/wp-json\/wp\/v2\/comments?post=4506"}],"version-history":[{"count":2,"href":"https:\/\/akademie-digitale-berufe.com\/en\/wp-json\/wp\/v2\/pages\/4506\/revisions"}],"predecessor-version":[{"id":4508,"href":"https:\/\/akademie-digitale-berufe.com\/en\/wp-json\/wp\/v2\/pages\/4506\/revisions\/4508"}],"wp:attachment":[{"href":"https:\/\/akademie-digitale-berufe.com\/en\/wp-json\/wp\/v2\/media?parent=4506"}],"curies":[{"name":"wp","href":"https:\/\/api.w.org\/{rel}","templated":true}]}}