{"id":3687,"date":"2023-06-14T06:31:48","date_gmt":"2023-06-14T06:31:48","guid":{"rendered":"https:\/\/akademie-digitale-berufe.com\/?page_id=3687"},"modified":"2023-06-14T07:46:09","modified_gmt":"2023-06-14T07:46:09","slug":"fortbildungen-it-software-videoproducer","status":"publish","type":"page","link":"https:\/\/akademie-digitale-berufe.com\/en\/fortbildungen-it-software-videoproducer\/","title":{"rendered":"IT- und Software-Videoproducer*in"},"content":{"rendered":"<style>.kb-row-layout-wrap.wp-block-kadence-rowlayout.kb-row-layout-id_5b4545-53{margin-top:0px;margin-bottom:0px;}.kb-row-layout-id_5b4545-53 > .kt-row-column-wrap{align-content:end;}:where(.kb-row-layout-id_5b4545-53 > .kt-row-column-wrap) > .wp-block-kadence-column{justify-content:end;}.kb-row-layout-id_5b4545-53 > .kt-row-column-wrap{column-gap:var(--global-kb-gap-none, 0rem );row-gap:var(--global-kb-gap-none, 0rem );padding-top:0px;padding-right:0px;padding-bottom:0px;padding-left:0px;grid-template-columns:minmax(0, 1fr);}.kb-row-layout-id_5b4545-53{border-top-left-radius:0px;border-top-right-radius:0px;border-bottom-right-radius:0px;border-bottom-left-radius:0px;}.kb-row-layout-id_5b4545-53 > .kt-row-layout-overlay{opacity:0.30;}@media all and (max-width: 1024px){.kb-row-layout-id_5b4545-53 > .kt-row-column-wrap{padding-right:0px;padding-left:0px;grid-template-columns:minmax(0, 1fr);}}@media all and (max-width: 767px){.kb-row-layout-id_5b4545-53 > .kt-row-column-wrap{padding-right:0px;padding-left:0px;grid-template-columns:minmax(0, 1fr);}}<\/style><div class=\"kb-row-layout-wrap kb-row-layout-id_5b4545-53 alignnone wp-block-kadence-rowlayout\"><div class=\"kt-row-column-wrap kt-has-1-columns kt-row-layout-equal kt-tab-layout-inherit kt-mobile-layout-row kt-row-valign-bottom\">\n<style>.kadence-column_d7dc65-d7 > .kt-inside-inner-col{padding-top:0px;padding-right:0px;padding-bottom:0px;padding-left:0px;}.kadence-column_d7dc65-d7 > .kt-inside-inner-col,.kadence-column_d7dc65-d7 > .kt-inside-inner-col:before{border-top-left-radius:10px;border-top-right-radius:10px;border-bottom-right-radius:10px;border-bottom-left-radius:10px;}.kadence-column_d7dc65-d7 > .kt-inside-inner-col{column-gap:var(--global-kb-gap-sm, 1rem);}.kadence-column_d7dc65-d7 > .kt-inside-inner-col{flex-direction:column;}.kadence-column_d7dc65-d7 > .kt-inside-inner-col > .aligncenter{width:100%;}.kadence-column_d7dc65-d7 > .kt-inside-inner-col{background-color:#eaf0f4;background-image:url('https:\/\/akademie-digitale-berufe.com\/wp-content\/uploads\/2020\/11\/page_bg_03.jpg');background-size:cover;background-position:center center;background-attachment:scroll;background-repeat:no-repeat;}.kadence-column_d7dc65-d7 > .kt-inside-inner-col:before{opacity:0.3;}.kadence-column_d7dc65-d7{text-align:left;}.kadence-column_d7dc65-d7{position:relative;}.kadence-column_d7dc65-d7, .kt-inside-inner-col > .kadence-column_d7dc65-d7:not(.specificity){margin-top:10px;margin-right:20px;margin-bottom:0px;margin-left:20px;}@media all and (max-width: 1024px){.kadence-column_d7dc65-d7 > .kt-inside-inner-col{padding-top:0px;padding-right:30px;padding-bottom:60px;padding-left:30px;flex-direction:column;justify-content:center;}}@media all and (max-width: 1024px){.kadence-column_d7dc65-d7, .kt-inside-inner-col > .kadence-column_d7dc65-d7:not(.specificity){margin-top:0px;margin-right:0px;margin-bottom:0px;margin-left:0px;}}@media all and (max-width: 767px){.kadence-column_d7dc65-d7 > .kt-inside-inner-col{padding-top:0px;padding-right:20px;padding-bottom:30px;padding-left:20px;flex-direction:column;justify-content:center;}.kadence-column_d7dc65-d7, .kt-inside-inner-col > .kadence-column_d7dc65-d7:not(.specificity){margin-top:0px;margin-right:0px;margin-bottom:0px;margin-left:0px;}}<\/style>\n<div class=\"wp-block-kadence-column kadence-column_d7dc65-d7 inner-column-1\"><div class=\"kt-inside-inner-col\"><style>.kb-row-layout-wrap.wp-block-kadence-rowlayout.kb-row-layout-id_8e3a4e-41{margin-top:150px;margin-bottom:0px;}.kb-row-layout-id_8e3a4e-41 > .kt-row-column-wrap{align-content:end;}:where(.kb-row-layout-id_8e3a4e-41 > .kt-row-column-wrap) > .wp-block-kadence-column{justify-content:end;}.kb-row-layout-id_8e3a4e-41 > .kt-row-column-wrap{column-gap:var(--global-kb-gap-none, 0rem );row-gap:var(--global-kb-gap-none, 0rem );max-width:1140px;margin-left:auto;margin-right:auto;padding-top:0px;padding-right:0px;padding-bottom:0px;padding-left:0px;grid-template-columns:minmax(0, 1fr);}.kb-row-layout-id_8e3a4e-41 > .kt-row-layout-overlay{opacity:0.30;}@media all and (max-width: 1024px){.kb-row-layout-wrap.wp-block-kadence-rowlayout.kb-row-layout-id_8e3a4e-41{margin-top:150px;margin-bottom:0px;}}@media all and (max-width: 1024px){.kb-row-layout-id_8e3a4e-41 > .kt-row-column-wrap{padding-top:0px;padding-right:100px;padding-bottom:0px;padding-left:100px;grid-template-columns:minmax(0, 1fr);}}@media all and (max-width: 767px){.kb-row-layout-wrap.wp-block-kadence-rowlayout.kb-row-layout-id_8e3a4e-41{margin-top:0px;margin-bottom:0px;}.kb-row-layout-id_8e3a4e-41 > .kt-row-column-wrap{padding-top:0px;padding-right:0px;padding-bottom:0px;padding-left:0px;grid-template-columns:minmax(0, 1fr);}}<\/style><div class=\"kb-row-layout-wrap kb-row-layout-id_8e3a4e-41 alignnone wp-block-kadence-rowlayout\"><div class=\"kt-row-column-wrap kt-has-2-columns kt-row-layout-row kt-tab-layout-row kt-mobile-layout-row kt-row-valign-bottom\">\n<style>.kadence-column_39bbba-85 > .kt-inside-inner-col{padding-top:0px;padding-right:60px;padding-bottom:60px;padding-left:10px;}.kadence-column_39bbba-85 > .kt-inside-inner-col,.kadence-column_39bbba-85 > .kt-inside-inner-col:before{border-top-left-radius:0px;border-top-right-radius:0px;border-bottom-right-radius:0px;border-bottom-left-radius:0px;}.kadence-column_39bbba-85 > .kt-inside-inner-col{column-gap:var(--global-kb-gap-sm, 1rem);}.kadence-column_39bbba-85 > .kt-inside-inner-col{flex-direction:column;}.kadence-column_39bbba-85 > .kt-inside-inner-col > .aligncenter{width:100%;}.kadence-column_39bbba-85 > .kt-inside-inner-col:before{opacity:0.3;}.kadence-column_39bbba-85{position:relative;}.kadence-column_39bbba-85, .kt-inside-inner-col > .kadence-column_39bbba-85:not(.specificity){margin-top:0px;margin-right:0px;margin-bottom:0px;margin-left:0px;}@media all and (max-width: 1024px){.kadence-column_39bbba-85 > .kt-inside-inner-col{padding-top:0px;padding-right:60px;padding-bottom:0px;padding-left:60px;flex-direction:column;justify-content:center;}}@media all and (max-width: 1024px){.kadence-column_39bbba-85, .kt-inside-inner-col > .kadence-column_39bbba-85:not(.specificity){margin-top:0px;margin-right:0px;margin-bottom:0px;margin-left:0px;}}@media all and (max-width: 767px){.kadence-column_39bbba-85 > .kt-inside-inner-col{padding-top:0px;padding-right:0px;padding-bottom:0px;padding-left:0px;flex-direction:column;justify-content:center;}.kadence-column_39bbba-85, .kt-inside-inner-col > .kadence-column_39bbba-85:not(.specificity){margin-top:120px;margin-right:0px;margin-bottom:0px;margin-left:0px;}}<\/style>\n<div class=\"wp-block-kadence-column kadence-column_39bbba-85 inner-column-1\"><div class=\"kt-inside-inner-col\"><style>.wp-block-kadence-advancedheading.kt-adv-heading_0f09b9-83, .wp-block-kadence-advancedheading.kt-adv-heading_0f09b9-83[data-kb-block=\"kb-adv-heading_0f09b9-83\"]{margin-bottom:20px;font-size:17px;font-weight:400;font-style:normal;font-family:Telex;}.wp-block-kadence-advancedheading.kt-adv-heading_0f09b9-83 mark.kt-highlight, .wp-block-kadence-advancedheading.kt-adv-heading_0f09b9-83[data-kb-block=\"kb-adv-heading_0f09b9-83\"] mark.kt-highlight{font-style:normal;color:#f76a0c;-webkit-box-decoration-break:clone;box-decoration-break:clone;padding-top:0px;padding-right:0px;padding-bottom:0px;padding-left:0px;}.wp-block-kadence-advancedheading.kt-adv-heading_0f09b9-83 img.kb-inline-image, .wp-block-kadence-advancedheading.kt-adv-heading_0f09b9-83[data-kb-block=\"kb-adv-heading_0f09b9-83\"] img.kb-inline-image{width:150px;vertical-align:baseline;}@media all and (max-width: 1024px){.wp-block-kadence-advancedheading.kt-adv-heading_0f09b9-83, .wp-block-kadence-advancedheading.kt-adv-heading_0f09b9-83[data-kb-block=\"kb-adv-heading_0f09b9-83\"]{text-align:center!important;}}<\/style>\n<p class=\"kt-adv-heading_0f09b9-83 wp-block-kadence-advancedheading has-theme-palette-1-color has-text-color\" data-kb-block=\"kb-adv-heading_0f09b9-83\">Mit unseren Fortbildungen digital abheben!<\/p>\n\n\n<style>.wp-block-kadence-advancedheading.kt-adv-heading_9726e7-88, .wp-block-kadence-advancedheading.kt-adv-heading_9726e7-88[data-kb-block=\"kb-adv-heading_9726e7-88\"]{margin-top:0px;margin-bottom:32.5px;font-size:65px;font-weight:700;font-style:normal;}.wp-block-kadence-advancedheading.kt-adv-heading_9726e7-88 mark.kt-highlight, .wp-block-kadence-advancedheading.kt-adv-heading_9726e7-88[data-kb-block=\"kb-adv-heading_9726e7-88\"] mark.kt-highlight{font-style:normal;color:#f76a0c;-webkit-box-decoration-break:clone;box-decoration-break:clone;padding-top:0px;padding-right:0px;padding-bottom:0px;padding-left:0px;}.wp-block-kadence-advancedheading.kt-adv-heading_9726e7-88 img.kb-inline-image, .wp-block-kadence-advancedheading.kt-adv-heading_9726e7-88[data-kb-block=\"kb-adv-heading_9726e7-88\"] img.kb-inline-image{width:150px;vertical-align:baseline;}@media all and (max-width: 1024px){.wp-block-kadence-advancedheading.kt-adv-heading_9726e7-88, .wp-block-kadence-advancedheading.kt-adv-heading_9726e7-88[data-kb-block=\"kb-adv-heading_9726e7-88\"]{padding-top:20px;padding-bottom:30px;font-size:80px;text-align:center!important;}}@media all and (max-width: 767px){.wp-block-kadence-advancedheading.kt-adv-heading_9726e7-88, .wp-block-kadence-advancedheading.kt-adv-heading_9726e7-88[data-kb-block=\"kb-adv-heading_9726e7-88\"]{padding-top:0px;padding-right:0px;padding-bottom:0px;padding-left:0px;margin-bottom:40px;font-size:45px;line-height:1em;}}<\/style>\n<h1 class=\"kt-adv-heading_9726e7-88 wp-block-kadence-advancedheading has-theme-palette-3-color has-text-color\" data-kb-block=\"kb-adv-heading_9726e7-88\">IT- und Software-Videoproducer*in<\/h1>\n<\/div><\/div>\n\n\n<style>.kadence-column_6cd8db-8b > .kt-inside-inner-col,.kadence-column_6cd8db-8b > .kt-inside-inner-col:before{border-top-left-radius:0px;border-top-right-radius:0px;border-bottom-right-radius:0px;border-bottom-left-radius:0px;}.kadence-column_6cd8db-8b > .kt-inside-inner-col{column-gap:var(--global-kb-gap-sm, 1rem);}.kadence-column_6cd8db-8b > .kt-inside-inner-col{flex-direction:column;}.kadence-column_6cd8db-8b > .kt-inside-inner-col > .aligncenter{width:100%;}.kadence-column_6cd8db-8b > .kt-inside-inner-col:before{opacity:0.3;}.kadence-column_6cd8db-8b{position:relative;}@media all and (max-width: 1024px){.kadence-column_6cd8db-8b > .kt-inside-inner-col{flex-direction:column;justify-content:center;}}@media all and (max-width: 767px){.kadence-column_6cd8db-8b > .kt-inside-inner-col{flex-direction:column;justify-content:center;}}<\/style>\n<div class=\"wp-block-kadence-column kadence-column_6cd8db-8b\"><div class=\"kt-inside-inner-col\">\n<figure class=\"wp-block-image size-large is-resized\"><img loading=\"lazy\" decoding=\"async\" src=\"https:\/\/akademie-digitale-berufe.com\/wp-content\/uploads\/2023\/06\/Folie5-1024x576.png\" alt=\"\" class=\"wp-image-3323\" width=\"612\" height=\"343\" srcset=\"https:\/\/akademie-digitale-berufe.com\/wp-content\/uploads\/2023\/06\/Folie5-1024x576.png 1024w, https:\/\/akademie-digitale-berufe.com\/wp-content\/uploads\/2023\/06\/Folie5-300x169.png 300w, https:\/\/akademie-digitale-berufe.com\/wp-content\/uploads\/2023\/06\/Folie5-768x432.png 768w, https:\/\/akademie-digitale-berufe.com\/wp-content\/uploads\/2023\/06\/Folie5.png 1280w\" sizes=\"auto, (max-width: 612px) 100vw, 612px\" \/><\/figure>\n<\/div><\/div>\n\n<\/div><\/div><\/div><\/div>\n\n<\/div><\/div>\n\n\n<p><\/p>\n\n\n\n<h2 class=\"wp-block-heading\" style=\"padding-top:var(--wp--preset--spacing--50);padding-right:var(--wp--preset--spacing--50);padding-bottom:var(--wp--preset--spacing--50);padding-left:var(--wp--preset--spacing--50)\"><strong>\u00dcber die Fortbildung<\/strong><\/h2>\n\n\n\n<p style=\"padding-top:var(--wp--preset--spacing--50);padding-right:var(--wp--preset--spacing--50);padding-bottom:var(--wp--preset--spacing--50);padding-left:var(--wp--preset--spacing--50)\">Willkommen zur Fortbildung zum IT- und Software-Videoproducer!<\/p>\n\n\n\n<p style=\"padding-top:var(--wp--preset--spacing--50);padding-right:var(--wp--preset--spacing--50);padding-bottom:var(--wp--preset--spacing--50);padding-left:var(--wp--preset--spacing--50)\">In der heutigen digitalen \u00c4ra ist die Nachfrage nach hochwertigen Videoinhalten enorm gestiegen. Unternehmen jeder Gr\u00f6\u00dfe nutzen Videos, um ihre Produkte, Dienstleistungen und Botschaften effektiv zu pr\u00e4sentieren. Als IT- und Software-Videoproducer spielen Sie eine zentrale Rolle bei der Erstellung professioneller Videos, die den Anforderungen der modernen Technologie gerecht werden.<\/p>\n\n\n\n<p style=\"padding-top:var(--wp--preset--spacing--50);padding-right:var(--wp--preset--spacing--50);padding-bottom:var(--wp--preset--spacing--50);padding-left:var(--wp--preset--spacing--50)\">Unsere Fortbildung bietet Ihnen die M\u00f6glichkeit, Ihre F\u00e4higkeiten im Bereich der Videoproduktion zu erweitern und sich speziell auf die IT- und Softwarebranche zu fokussieren. Wir haben ein umfassendes Lehrprogramm entwickelt, das Ihnen sowohl das technische Know-how als auch das kreative K\u00f6nnen vermittelt, um herausragende Videos zu produzieren.<\/p>\n\n\n\n<p style=\"padding-top:var(--wp--preset--spacing--50);padding-right:var(--wp--preset--spacing--50);padding-bottom:var(--wp--preset--spacing--50);padding-left:var(--wp--preset--spacing--50)\">W\u00e4hrend der Fortbildung werden Sie in verschiedene Bereiche der Videoproduktion eingef\u00fchrt, darunter Storytelling, Skripterstellung, Kameraf\u00fchrung, Beleuchtungstechniken, Tonbearbeitung und visuelle Effekte. Sie werden auch lernen, wie Sie spezielle Software und Tools verwenden, um die Qualit\u00e4t Ihrer Videos zu verbessern und einen professionellen Look zu erzielen.<\/p>\n\n\n\n<p style=\"padding-top:var(--wp--preset--spacing--50);padding-right:var(--wp--preset--spacing--50);padding-bottom:var(--wp--preset--spacing--50);padding-left:var(--wp--preset--spacing--50)\">Unsere erfahrenen Dozenten verf\u00fcgen \u00fcber umfangreiche Kenntnisse in den Bereichen IT, Software und Videoproduktion. Sie werden von ihrer Expertise profitieren und von praxisnahen \u00dcbungen sowie Fallstudien aus der Branche lernen. <\/p>\n\n\n\n<p style=\"padding-top:var(--wp--preset--spacing--50);padding-right:var(--wp--preset--spacing--50);padding-bottom:var(--wp--preset--spacing--50);padding-left:var(--wp--preset--spacing--50)\">Nach Abschluss der Fortbildung werden Sie in der Lage sein, hochwertige Videos f\u00fcr die IT- und Softwarebranche zu produzieren. Sie werden die erforderlichen Kenntnisse haben, um technische Konzepte und Produkte auf verst\u00e4ndliche Weise zu erkl\u00e4ren und visuell ansprechende Inhalte zu erstellen. Dar\u00fcber hinaus werden Sie in der Lage sein, Videos zu optimieren und an die Anforderungen der verschiedenen Plattformen anzupassen.<\/p>\n\n\n\n<p style=\"padding-top:var(--wp--preset--spacing--50);padding-right:var(--wp--preset--spacing--50);padding-bottom:var(--wp--preset--spacing--50);padding-left:var(--wp--preset--spacing--50)\">Investieren Sie in Ihre berufliche Zukunft und werden Sie ein gefragter IT- und Software-Videoproducer. Melden Sie sich noch heute zur Fortbildung an und tauchen Sie ein in die faszinierende Welt der Videoproduktion. Gemeinsam entwickeln wir Ihre F\u00e4higkeiten und helfen Ihnen dabei, in der digitalen \u00c4ra erfolgreich zu sein. Starten Sie Ihre Reise zum Erfolg und lassen Sie uns gemeinsam gro\u00dfartige Videos produzieren!<\/p>\n\n\n\n<h2 class=\"wp-block-heading\" style=\"padding-top:var(--wp--preset--spacing--50);padding-right:var(--wp--preset--spacing--50);padding-bottom:var(--wp--preset--spacing--50);padding-left:var(--wp--preset--spacing--50)\"><strong>Anmeldung<\/strong><\/h2>\n\n\n<style>.kadence-column_e03d88-19 > .kt-inside-inner-col,.kadence-column_e03d88-19 > .kt-inside-inner-col:before{border-top-left-radius:0px;border-top-right-radius:0px;border-bottom-right-radius:0px;border-bottom-left-radius:0px;}.kadence-column_e03d88-19 > .kt-inside-inner-col{column-gap:var(--global-kb-gap-sm, 1rem);}.kadence-column_e03d88-19 > .kt-inside-inner-col{flex-direction:column;}.kadence-column_e03d88-19 > .kt-inside-inner-col > .aligncenter{width:100%;}.kadence-column_e03d88-19 > .kt-inside-inner-col:before{opacity:0.3;}.kadence-column_e03d88-19{position:relative;}@media all and (max-width: 1024px){.kadence-column_e03d88-19 > .kt-inside-inner-col{flex-direction:column;justify-content:center;}}@media all and (max-width: 767px){.kadence-column_e03d88-19 > .kt-inside-inner-col{flex-direction:column;justify-content:center;}}<\/style>\n<div class=\"wp-block-kadence-column kadence-column_e03d88-19\"><div class=\"kt-inside-inner-col\"><\/div><\/div>\n\n\n\n<p style=\"padding-top:var(--wp--preset--spacing--50);padding-right:var(--wp--preset--spacing--50);padding-bottom:var(--wp--preset--spacing--50);padding-left:var(--wp--preset--spacing--50)\">F\u00fcr weitere Informationen und\/oder eine Anmeldung kontaktieren Sie uns bitte per E-Mail.<\/p>\n","protected":false},"excerpt":{"rendered":"<p>Mit unseren Fortbildungen digital abheben! IT- und Software-Videoproducer*in \u00dcber die Fortbildung Willkommen zur Fortbildung zum IT- und Software-Videoproducer! In der heutigen digitalen \u00c4ra ist die Nachfrage nach hochwertigen Videoinhalten enorm gestiegen. Unternehmen jeder Gr\u00f6\u00dfe nutzen Videos, um ihre Produkte, Dienstleistungen und Botschaften effektiv zu pr\u00e4sentieren. Als IT- und Software-Videoproducer spielen Sie eine zentrale Rolle bei&#8230;<\/p>","protected":false},"author":2,"featured_media":0,"parent":0,"menu_order":0,"comment_status":"closed","ping_status":"closed","template":"","meta":{"_eb_attr":"","_kadence_starter_templates_imported_post":false,"_kad_post_transparent":"","_kad_post_title":"hide","_kad_post_layout":"","_kad_post_sidebar_id":"","_kad_post_content_style":"","_kad_post_vertical_padding":"","_kad_post_feature":"","_kad_post_feature_position":"","_kad_post_header":false,"_kad_post_footer":false,"_kad_post_classname":"","footnotes":""},"class_list":["post-3687","page","type-page","status-publish","hentry"],"_links":{"self":[{"href":"https:\/\/akademie-digitale-berufe.com\/en\/wp-json\/wp\/v2\/pages\/3687","targetHints":{"allow":["GET"]}}],"collection":[{"href":"https:\/\/akademie-digitale-berufe.com\/en\/wp-json\/wp\/v2\/pages"}],"about":[{"href":"https:\/\/akademie-digitale-berufe.com\/en\/wp-json\/wp\/v2\/types\/page"}],"author":[{"embeddable":true,"href":"https:\/\/akademie-digitale-berufe.com\/en\/wp-json\/wp\/v2\/users\/2"}],"replies":[{"embeddable":true,"href":"https:\/\/akademie-digitale-berufe.com\/en\/wp-json\/wp\/v2\/comments?post=3687"}],"version-history":[{"count":3,"href":"https:\/\/akademie-digitale-berufe.com\/en\/wp-json\/wp\/v2\/pages\/3687\/revisions"}],"predecessor-version":[{"id":3714,"href":"https:\/\/akademie-digitale-berufe.com\/en\/wp-json\/wp\/v2\/pages\/3687\/revisions\/3714"}],"wp:attachment":[{"href":"https:\/\/akademie-digitale-berufe.com\/en\/wp-json\/wp\/v2\/media?parent=3687"}],"curies":[{"name":"wp","href":"https:\/\/api.w.org\/{rel}","templated":true}]}}