{"id":3651,"date":"2023-06-13T14:09:00","date_gmt":"2023-06-13T14:09:00","guid":{"rendered":"https:\/\/akademie-digitale-berufe.com\/?page_id=3651"},"modified":"2023-06-14T06:30:57","modified_gmt":"2023-06-14T06:30:57","slug":"fortbildungen-digitalisierungs-innovationsmanager","status":"publish","type":"page","link":"https:\/\/akademie-digitale-berufe.com\/en\/fortbildungen-digitalisierungs-innovationsmanager\/","title":{"rendered":"Digitalisierungs- und Innovationsmanager*in"},"content":{"rendered":"<style>.kb-row-layout-wrap.wp-block-kadence-rowlayout.kb-row-layout-id_5b4545-53{margin-top:0px;margin-bottom:0px;}.kb-row-layout-id_5b4545-53 > .kt-row-column-wrap{align-content:end;}:where(.kb-row-layout-id_5b4545-53 > .kt-row-column-wrap) > .wp-block-kadence-column{justify-content:end;}.kb-row-layout-id_5b4545-53 > .kt-row-column-wrap{column-gap:var(--global-kb-gap-none, 0rem );row-gap:var(--global-kb-gap-none, 0rem );padding-top:0px;padding-right:0px;padding-bottom:0px;padding-left:0px;grid-template-columns:minmax(0, 1fr);}.kb-row-layout-id_5b4545-53{border-top-left-radius:0px;border-top-right-radius:0px;border-bottom-right-radius:0px;border-bottom-left-radius:0px;}.kb-row-layout-id_5b4545-53 > .kt-row-layout-overlay{opacity:0.30;}@media all and (max-width: 1024px){.kb-row-layout-id_5b4545-53 > .kt-row-column-wrap{padding-right:0px;padding-left:0px;grid-template-columns:minmax(0, 1fr);}}@media all and (max-width: 767px){.kb-row-layout-id_5b4545-53 > .kt-row-column-wrap{padding-right:0px;padding-left:0px;grid-template-columns:minmax(0, 1fr);}}<\/style><div class=\"kb-row-layout-wrap kb-row-layout-id_5b4545-53 alignnone wp-block-kadence-rowlayout\"><div class=\"kt-row-column-wrap kt-has-1-columns kt-row-layout-equal kt-tab-layout-inherit kt-mobile-layout-row kt-row-valign-bottom\">\n<style>.kadence-column_d7dc65-d7 > .kt-inside-inner-col{padding-top:0px;padding-right:0px;padding-bottom:0px;padding-left:0px;}.kadence-column_d7dc65-d7 > .kt-inside-inner-col,.kadence-column_d7dc65-d7 > .kt-inside-inner-col:before{border-top-left-radius:10px;border-top-right-radius:10px;border-bottom-right-radius:10px;border-bottom-left-radius:10px;}.kadence-column_d7dc65-d7 > .kt-inside-inner-col{column-gap:var(--global-kb-gap-sm, 1rem);}.kadence-column_d7dc65-d7 > .kt-inside-inner-col{flex-direction:column;}.kadence-column_d7dc65-d7 > .kt-inside-inner-col > .aligncenter{width:100%;}.kadence-column_d7dc65-d7 > .kt-inside-inner-col{background-color:#eaf0f4;background-image:url('https:\/\/akademie-digitale-berufe.com\/wp-content\/uploads\/2020\/11\/page_bg_03.jpg');background-size:cover;background-position:center center;background-attachment:scroll;background-repeat:no-repeat;}.kadence-column_d7dc65-d7 > .kt-inside-inner-col:before{opacity:0.3;}.kadence-column_d7dc65-d7{text-align:left;}.kadence-column_d7dc65-d7{position:relative;}.kadence-column_d7dc65-d7, .kt-inside-inner-col > .kadence-column_d7dc65-d7:not(.specificity){margin-top:10px;margin-right:20px;margin-bottom:0px;margin-left:20px;}@media all and (max-width: 1024px){.kadence-column_d7dc65-d7 > .kt-inside-inner-col{padding-top:0px;padding-right:30px;padding-bottom:60px;padding-left:30px;flex-direction:column;justify-content:center;}}@media all and (max-width: 1024px){.kadence-column_d7dc65-d7, .kt-inside-inner-col > .kadence-column_d7dc65-d7:not(.specificity){margin-top:0px;margin-right:0px;margin-bottom:0px;margin-left:0px;}}@media all and (max-width: 767px){.kadence-column_d7dc65-d7 > .kt-inside-inner-col{padding-top:0px;padding-right:20px;padding-bottom:30px;padding-left:20px;flex-direction:column;justify-content:center;}.kadence-column_d7dc65-d7, .kt-inside-inner-col > .kadence-column_d7dc65-d7:not(.specificity){margin-top:0px;margin-right:0px;margin-bottom:0px;margin-left:0px;}}<\/style>\n<div class=\"wp-block-kadence-column kadence-column_d7dc65-d7 inner-column-1\"><div class=\"kt-inside-inner-col\"><style>.kb-row-layout-wrap.wp-block-kadence-rowlayout.kb-row-layout-id_8e3a4e-41{margin-top:150px;margin-bottom:0px;}.kb-row-layout-id_8e3a4e-41 > .kt-row-column-wrap{align-content:end;}:where(.kb-row-layout-id_8e3a4e-41 > .kt-row-column-wrap) > .wp-block-kadence-column{justify-content:end;}.kb-row-layout-id_8e3a4e-41 > .kt-row-column-wrap{column-gap:var(--global-kb-gap-none, 0rem );row-gap:var(--global-kb-gap-none, 0rem );max-width:1140px;margin-left:auto;margin-right:auto;padding-top:0px;padding-right:0px;padding-bottom:0px;padding-left:0px;grid-template-columns:minmax(0, 1fr);}.kb-row-layout-id_8e3a4e-41 > .kt-row-layout-overlay{opacity:0.30;}@media all and (max-width: 1024px){.kb-row-layout-wrap.wp-block-kadence-rowlayout.kb-row-layout-id_8e3a4e-41{margin-top:150px;margin-bottom:0px;}}@media all and (max-width: 1024px){.kb-row-layout-id_8e3a4e-41 > .kt-row-column-wrap{padding-top:0px;padding-right:100px;padding-bottom:0px;padding-left:100px;grid-template-columns:minmax(0, 1fr);}}@media all and (max-width: 767px){.kb-row-layout-wrap.wp-block-kadence-rowlayout.kb-row-layout-id_8e3a4e-41{margin-top:0px;margin-bottom:0px;}.kb-row-layout-id_8e3a4e-41 > .kt-row-column-wrap{padding-top:0px;padding-right:0px;padding-bottom:0px;padding-left:0px;grid-template-columns:minmax(0, 1fr);}}<\/style><div class=\"kb-row-layout-wrap kb-row-layout-id_8e3a4e-41 alignnone wp-block-kadence-rowlayout\"><div class=\"kt-row-column-wrap kt-has-2-columns kt-row-layout-row kt-tab-layout-row kt-mobile-layout-row kt-row-valign-bottom\">\n<style>.kadence-column_39bbba-85 > .kt-inside-inner-col{padding-top:0px;padding-right:60px;padding-bottom:60px;padding-left:10px;}.kadence-column_39bbba-85 > .kt-inside-inner-col,.kadence-column_39bbba-85 > .kt-inside-inner-col:before{border-top-left-radius:0px;border-top-right-radius:0px;border-bottom-right-radius:0px;border-bottom-left-radius:0px;}.kadence-column_39bbba-85 > .kt-inside-inner-col{column-gap:var(--global-kb-gap-sm, 1rem);}.kadence-column_39bbba-85 > .kt-inside-inner-col{flex-direction:column;}.kadence-column_39bbba-85 > .kt-inside-inner-col > .aligncenter{width:100%;}.kadence-column_39bbba-85 > .kt-inside-inner-col:before{opacity:0.3;}.kadence-column_39bbba-85{position:relative;}.kadence-column_39bbba-85, .kt-inside-inner-col > .kadence-column_39bbba-85:not(.specificity){margin-top:0px;margin-right:0px;margin-bottom:0px;margin-left:0px;}@media all and (max-width: 1024px){.kadence-column_39bbba-85 > .kt-inside-inner-col{padding-top:0px;padding-right:60px;padding-bottom:0px;padding-left:60px;flex-direction:column;justify-content:center;}}@media all and (max-width: 1024px){.kadence-column_39bbba-85, .kt-inside-inner-col > .kadence-column_39bbba-85:not(.specificity){margin-top:0px;margin-right:0px;margin-bottom:0px;margin-left:0px;}}@media all and (max-width: 767px){.kadence-column_39bbba-85 > .kt-inside-inner-col{padding-top:0px;padding-right:0px;padding-bottom:0px;padding-left:0px;flex-direction:column;justify-content:center;}.kadence-column_39bbba-85, .kt-inside-inner-col > .kadence-column_39bbba-85:not(.specificity){margin-top:120px;margin-right:0px;margin-bottom:0px;margin-left:0px;}}<\/style>\n<div class=\"wp-block-kadence-column kadence-column_39bbba-85 inner-column-1\"><div class=\"kt-inside-inner-col\"><style>.wp-block-kadence-advancedheading.kt-adv-heading_0f09b9-83, .wp-block-kadence-advancedheading.kt-adv-heading_0f09b9-83[data-kb-block=\"kb-adv-heading_0f09b9-83\"]{margin-bottom:20px;font-size:17px;font-weight:400;font-style:normal;font-family:Telex;}.wp-block-kadence-advancedheading.kt-adv-heading_0f09b9-83 mark.kt-highlight, .wp-block-kadence-advancedheading.kt-adv-heading_0f09b9-83[data-kb-block=\"kb-adv-heading_0f09b9-83\"] mark.kt-highlight{font-style:normal;color:#f76a0c;-webkit-box-decoration-break:clone;box-decoration-break:clone;padding-top:0px;padding-right:0px;padding-bottom:0px;padding-left:0px;}.wp-block-kadence-advancedheading.kt-adv-heading_0f09b9-83 img.kb-inline-image, .wp-block-kadence-advancedheading.kt-adv-heading_0f09b9-83[data-kb-block=\"kb-adv-heading_0f09b9-83\"] img.kb-inline-image{width:150px;vertical-align:baseline;}@media all and (max-width: 1024px){.wp-block-kadence-advancedheading.kt-adv-heading_0f09b9-83, .wp-block-kadence-advancedheading.kt-adv-heading_0f09b9-83[data-kb-block=\"kb-adv-heading_0f09b9-83\"]{text-align:center!important;}}<\/style>\n<p class=\"kt-adv-heading_0f09b9-83 wp-block-kadence-advancedheading has-theme-palette-1-color has-text-color\" data-kb-block=\"kb-adv-heading_0f09b9-83\">Mit unseren Fortbildungen digital abheben!<\/p>\n\n\n<style>.wp-block-kadence-advancedheading.kt-adv-heading_9726e7-88, .wp-block-kadence-advancedheading.kt-adv-heading_9726e7-88[data-kb-block=\"kb-adv-heading_9726e7-88\"]{margin-top:0px;margin-bottom:32.5px;font-size:65px;font-weight:700;font-style:normal;}.wp-block-kadence-advancedheading.kt-adv-heading_9726e7-88 mark.kt-highlight, .wp-block-kadence-advancedheading.kt-adv-heading_9726e7-88[data-kb-block=\"kb-adv-heading_9726e7-88\"] mark.kt-highlight{font-style:normal;color:#f76a0c;-webkit-box-decoration-break:clone;box-decoration-break:clone;padding-top:0px;padding-right:0px;padding-bottom:0px;padding-left:0px;}.wp-block-kadence-advancedheading.kt-adv-heading_9726e7-88 img.kb-inline-image, .wp-block-kadence-advancedheading.kt-adv-heading_9726e7-88[data-kb-block=\"kb-adv-heading_9726e7-88\"] img.kb-inline-image{width:150px;vertical-align:baseline;}@media all and (max-width: 1024px){.wp-block-kadence-advancedheading.kt-adv-heading_9726e7-88, .wp-block-kadence-advancedheading.kt-adv-heading_9726e7-88[data-kb-block=\"kb-adv-heading_9726e7-88\"]{padding-top:20px;padding-bottom:30px;font-size:80px;text-align:center!important;}}@media all and (max-width: 767px){.wp-block-kadence-advancedheading.kt-adv-heading_9726e7-88, .wp-block-kadence-advancedheading.kt-adv-heading_9726e7-88[data-kb-block=\"kb-adv-heading_9726e7-88\"]{padding-top:0px;padding-right:0px;padding-bottom:0px;padding-left:0px;margin-bottom:40px;font-size:45px;line-height:1em;}}<\/style>\n<h1 class=\"kt-adv-heading_9726e7-88 wp-block-kadence-advancedheading has-theme-palette-3-color has-text-color\" data-kb-block=\"kb-adv-heading_9726e7-88\">Digitalisierungs- und Innovationsmanager*in<\/h1>\n<\/div><\/div>\n\n\n<style>.kadence-column_6cd8db-8b > .kt-inside-inner-col,.kadence-column_6cd8db-8b > .kt-inside-inner-col:before{border-top-left-radius:0px;border-top-right-radius:0px;border-bottom-right-radius:0px;border-bottom-left-radius:0px;}.kadence-column_6cd8db-8b > .kt-inside-inner-col{column-gap:var(--global-kb-gap-sm, 1rem);}.kadence-column_6cd8db-8b > .kt-inside-inner-col{flex-direction:column;}.kadence-column_6cd8db-8b > .kt-inside-inner-col > .aligncenter{width:100%;}.kadence-column_6cd8db-8b > .kt-inside-inner-col:before{opacity:0.3;}.kadence-column_6cd8db-8b{position:relative;}@media all and (max-width: 1024px){.kadence-column_6cd8db-8b > .kt-inside-inner-col{flex-direction:column;justify-content:center;}}@media all and (max-width: 767px){.kadence-column_6cd8db-8b > .kt-inside-inner-col{flex-direction:column;justify-content:center;}}<\/style>\n<div class=\"wp-block-kadence-column kadence-column_6cd8db-8b\"><div class=\"kt-inside-inner-col\">\n<figure class=\"wp-block-image size-large is-resized\"><img loading=\"lazy\" decoding=\"async\" src=\"https:\/\/akademie-digitale-berufe.com\/wp-content\/uploads\/2023\/06\/Folie4-1024x576.png\" alt=\"\" class=\"wp-image-3322\" width=\"663\" height=\"372\" srcset=\"https:\/\/akademie-digitale-berufe.com\/wp-content\/uploads\/2023\/06\/Folie4-1024x576.png 1024w, https:\/\/akademie-digitale-berufe.com\/wp-content\/uploads\/2023\/06\/Folie4-300x169.png 300w, https:\/\/akademie-digitale-berufe.com\/wp-content\/uploads\/2023\/06\/Folie4-768x432.png 768w, https:\/\/akademie-digitale-berufe.com\/wp-content\/uploads\/2023\/06\/Folie4-600x338.png 600w, https:\/\/akademie-digitale-berufe.com\/wp-content\/uploads\/2023\/06\/Folie4.png 1280w\" sizes=\"auto, (max-width: 663px) 100vw, 663px\" \/><\/figure>\n<\/div><\/div>\n\n<\/div><\/div><\/div><\/div>\n\n<\/div><\/div>\n\n\n<p><\/p>\n\n\n\n<h2 class=\"wp-block-heading\"><strong>\u00dcber die Fortbildung<\/strong><\/h2>\n\n\n\n<p>Willkommen zur Fortbildung zum Digitalisierungs- und Innovationsmanager!<\/p>\n\n\n\n<p>In einer zunehmend digitalisierten Welt ist es von entscheidender Bedeutung, dass Unternehmen und Organisationen den Wandel aktiv gestalten und innovative L\u00f6sungen entwickeln, um wettbewerbsf\u00e4hig zu bleiben. Als Digitalisierungs- und Innovationsmanager sind Sie die treibende Kraft hinter diesem Prozess.<\/p>\n\n\n\n<p>Unsere Fortbildung bietet Ihnen das n\u00f6tige Wissen und die praktischen F\u00e4higkeiten, um die digitale Transformation in Ihrem Unternehmen voranzutreiben und innovative L\u00f6sungen zu entwickeln. Wir haben ein umfassendes Lehrprogramm entwickelt, das auf den neuesten Trends und Best Practices in den Bereichen Digitalisierung und Innovation basiert.<\/p>\n\n\n\n<p>W\u00e4hrend der Fortbildung werden Sie eine breite Palette von Themen abdecken, darunter die Grundlagen der digitalen Transformation, Technologien und Tools zur Unterst\u00fctzung von Innovationsprozessen, strategisches Management von digitalen Projekten, agile Methoden und Design Thinking. Sie werden auch lernen, wie Sie Innovationsstrategien entwickeln, Gesch\u00e4ftsmodelle anpassen und Ver\u00e4nderungsprozesse erfolgreich umsetzen k\u00f6nnen.<\/p>\n\n\n\n<p>Unsere qualifizierten Dozenten verf\u00fcgen \u00fcber umfangreiche Erfahrung in den Bereichen Digitalisierung und Innovation und werden Ihnen praxisnahes Wissen vermitteln. Sie werden von ihrer Expertise profitieren und von Fallstudien und realen Projekten lernen, um Ihre F\u00e4higkeiten in einem sicheren Umfeld zu entwickeln.<\/p>\n\n\n\n<p>Unsere Fortbildung richtet sich an Fach- und F\u00fchrungskr\u00e4fte, die in Unternehmen und Organisationen t\u00e4tig sind und den Wandel aktiv mitgestalten m\u00f6chten. Egal, ob Sie bereits \u00fcber Vorkenntnisse in den Bereichen Digitalisierung und Innovation verf\u00fcgen oder nicht, diese Fortbildung bietet Ihnen die M\u00f6glichkeit, Ihre Kompetenzen zu erweitern und Ihre Karriere voranzutreiben.<\/p>\n\n\n\n<p>Nach Abschluss der Fortbildung werden Sie in der Lage sein, die Herausforderungen der digitalen Transformation zu erkennen und effektive Strategien zur Umsetzung von Innovationen in Ihrem Unternehmen zu entwickeln. Sie werden die erforderlichen Kenntnisse haben, um digitale Projekte erfolgreich zu leiten und Ver\u00e4nderungsprozesse zu steuern. Dar\u00fcber hinaus werden Sie in der Lage sein, innovative Ideen zu generieren und diese in tragf\u00e4hige Gesch\u00e4ftsmodelle umzusetzen.<\/p>\n\n\n\n<p>Investieren Sie in Ihre berufliche Zukunft und werden Sie ein gefragter Experte f\u00fcr Digitalisierung und Innovation. Melden Sie sich noch heute zur Fortbildung zum Digitalisierungs- und Innovationsmanager an und lassen Sie sich von unserem erstklassigen Lehrprogramm und unserem erfahrenen Team inspirieren. Gemeinsam gestalten wir die Zukunft!<\/p>\n\n\n<style>.kadence-column_e03d88-19 > .kt-inside-inner-col,.kadence-column_e03d88-19 > .kt-inside-inner-col:before{border-top-left-radius:0px;border-top-right-radius:0px;border-bottom-right-radius:0px;border-bottom-left-radius:0px;}.kadence-column_e03d88-19 > .kt-inside-inner-col{column-gap:var(--global-kb-gap-sm, 1rem);}.kadence-column_e03d88-19 > .kt-inside-inner-col{flex-direction:column;}.kadence-column_e03d88-19 > .kt-inside-inner-col > .aligncenter{width:100%;}.kadence-column_e03d88-19 > .kt-inside-inner-col:before{opacity:0.3;}.kadence-column_e03d88-19{position:relative;}@media all and (max-width: 1024px){.kadence-column_e03d88-19 > .kt-inside-inner-col{flex-direction:column;justify-content:center;}}@media all and (max-width: 767px){.kadence-column_e03d88-19 > .kt-inside-inner-col{flex-direction:column;justify-content:center;}}<\/style>\n<div class=\"wp-block-kadence-column kadence-column_e03d88-19\"><div class=\"kt-inside-inner-col\"><style>.wp-block-kadence-advancedheading.kt-adv-heading_ed3d40-5b, .wp-block-kadence-advancedheading.kt-adv-heading_ed3d40-5b[data-kb-block=\"kb-adv-heading_ed3d40-5b\"]{max-width:1246px;margin-top:0px;margin-bottom:var(--global-kb-spacing-xs, 1rem);text-align:left;font-size:var(--global-kb-font-size-xl, 3rem);font-style:normal;}.wp-block-kadence-advancedheading.kt-adv-heading_ed3d40-5b mark.kt-highlight, .wp-block-kadence-advancedheading.kt-adv-heading_ed3d40-5b[data-kb-block=\"kb-adv-heading_ed3d40-5b\"] mark.kt-highlight{font-style:normal;color:#f76a0c;-webkit-box-decoration-break:clone;box-decoration-break:clone;padding-top:0px;padding-right:0px;padding-bottom:0px;padding-left:0px;}.wp-block-kadence-advancedheading.kt-adv-heading_ed3d40-5b img.kb-inline-image, .wp-block-kadence-advancedheading.kt-adv-heading_ed3d40-5b[data-kb-block=\"kb-adv-heading_ed3d40-5b\"] img.kb-inline-image{width:150px;vertical-align:baseline;}<\/style>\n<h2 class=\"kt-adv-heading_ed3d40-5b wp-block-kadence-advancedheading has-theme-palette-3-color has-text-color\" data-kb-block=\"kb-adv-heading_ed3d40-5b\"><strong>Anmeldung<\/strong><\/h2>\n<\/div><\/div>\n\n\n\n<p>F\u00fcr weitere Informationen und\/oder eine Anmeldung kontaktieren Sie uns bitte per E-Mail.<\/p>\n","protected":false},"excerpt":{"rendered":"<p>Mit unseren Fortbildungen digital abheben! Digitalisierungs- und Innovationsmanager*in \u00dcber die Fortbildung Willkommen zur Fortbildung zum Digitalisierungs- und Innovationsmanager! In einer zunehmend digitalisierten Welt ist es von entscheidender Bedeutung, dass Unternehmen und Organisationen den Wandel aktiv gestalten und innovative L\u00f6sungen entwickeln, um wettbewerbsf\u00e4hig zu bleiben. Als Digitalisierungs- und Innovationsmanager sind Sie die treibende Kraft hinter diesem&#8230;<\/p>","protected":false},"author":2,"featured_media":0,"parent":0,"menu_order":0,"comment_status":"closed","ping_status":"closed","template":"","meta":{"_eb_attr":"","_kadence_starter_templates_imported_post":false,"_kad_post_transparent":"","_kad_post_title":"hide","_kad_post_layout":"","_kad_post_sidebar_id":"","_kad_post_content_style":"","_kad_post_vertical_padding":"","_kad_post_feature":"","_kad_post_feature_position":"","_kad_post_header":false,"_kad_post_footer":false,"_kad_post_classname":"","footnotes":""},"class_list":["post-3651","page","type-page","status-publish","hentry"],"_links":{"self":[{"href":"https:\/\/akademie-digitale-berufe.com\/en\/wp-json\/wp\/v2\/pages\/3651","targetHints":{"allow":["GET"]}}],"collection":[{"href":"https:\/\/akademie-digitale-berufe.com\/en\/wp-json\/wp\/v2\/pages"}],"about":[{"href":"https:\/\/akademie-digitale-berufe.com\/en\/wp-json\/wp\/v2\/types\/page"}],"author":[{"embeddable":true,"href":"https:\/\/akademie-digitale-berufe.com\/en\/wp-json\/wp\/v2\/users\/2"}],"replies":[{"embeddable":true,"href":"https:\/\/akademie-digitale-berufe.com\/en\/wp-json\/wp\/v2\/comments?post=3651"}],"version-history":[{"count":2,"href":"https:\/\/akademie-digitale-berufe.com\/en\/wp-json\/wp\/v2\/pages\/3651\/revisions"}],"predecessor-version":[{"id":3686,"href":"https:\/\/akademie-digitale-berufe.com\/en\/wp-json\/wp\/v2\/pages\/3651\/revisions\/3686"}],"wp:attachment":[{"href":"https:\/\/akademie-digitale-berufe.com\/en\/wp-json\/wp\/v2\/media?parent=3651"}],"curies":[{"name":"wp","href":"https:\/\/api.w.org\/{rel}","templated":true}]}}