{"id":3243,"date":"2023-06-12T08:50:11","date_gmt":"2023-06-12T08:50:11","guid":{"rendered":"https:\/\/akademie-digitale-berufe.com\/?page_id=3243"},"modified":"2023-12-19T09:37:16","modified_gmt":"2023-12-19T09:37:16","slug":"mint-2","status":"publish","type":"page","link":"https:\/\/akademie-digitale-berufe.com\/en\/mint-2\/","title":{"rendered":"MINT"},"content":{"rendered":"<style>.kb-row-layout-wrap.wp-block-kadence-rowlayout.kb-row-layout-id_5b4545-53{margin-top:0px;margin-bottom:0px;}.kb-row-layout-id_5b4545-53 > .kt-row-column-wrap{align-content:end;}:where(.kb-row-layout-id_5b4545-53 > .kt-row-column-wrap) > .wp-block-kadence-column{justify-content:end;}.kb-row-layout-id_5b4545-53 > .kt-row-column-wrap{column-gap:var(--global-kb-gap-none, 0rem );row-gap:var(--global-kb-gap-none, 0rem );padding-top:0px;padding-right:0px;padding-bottom:0px;padding-left:0px;grid-template-columns:minmax(0, 1fr);}.kb-row-layout-id_5b4545-53{border-top-left-radius:0px;border-top-right-radius:0px;border-bottom-right-radius:0px;border-bottom-left-radius:0px;}.kb-row-layout-id_5b4545-53 > .kt-row-layout-overlay{opacity:0.30;}@media all and (max-width: 1024px){.kb-row-layout-id_5b4545-53 > .kt-row-column-wrap{padding-right:0px;padding-left:0px;grid-template-columns:minmax(0, 1fr);}}@media all and (max-width: 767px){.kb-row-layout-id_5b4545-53 > .kt-row-column-wrap{padding-right:0px;padding-left:0px;grid-template-columns:minmax(0, 1fr);}}<\/style><div class=\"kb-row-layout-wrap kb-row-layout-id_5b4545-53 alignnone wp-block-kadence-rowlayout\"><div class=\"kt-row-column-wrap kt-has-1-columns kt-row-layout-equal kt-tab-layout-inherit kt-mobile-layout-row kt-row-valign-bottom\">\n<style>.kadence-column_d7dc65-d7 > .kt-inside-inner-col{padding-top:0px;padding-right:0px;padding-bottom:0px;padding-left:0px;}.kadence-column_d7dc65-d7 > .kt-inside-inner-col,.kadence-column_d7dc65-d7 > .kt-inside-inner-col:before{border-top-left-radius:10px;border-top-right-radius:10px;border-bottom-right-radius:10px;border-bottom-left-radius:10px;}.kadence-column_d7dc65-d7 > .kt-inside-inner-col{column-gap:var(--global-kb-gap-sm, 1rem);}.kadence-column_d7dc65-d7 > .kt-inside-inner-col{flex-direction:column;}.kadence-column_d7dc65-d7 > .kt-inside-inner-col > .aligncenter{width:100%;}.kadence-column_d7dc65-d7 > .kt-inside-inner-col{background-color:#eaf0f4;background-image:url('https:\/\/akademie-digitale-berufe.com\/wp-content\/uploads\/2020\/11\/page_bg_03.jpg');background-size:cover;background-position:center center;background-attachment:scroll;background-repeat:no-repeat;}.kadence-column_d7dc65-d7 > .kt-inside-inner-col:before{opacity:0.3;}.kadence-column_d7dc65-d7{text-align:left;}.kadence-column_d7dc65-d7{position:relative;}.kadence-column_d7dc65-d7, .kt-inside-inner-col > .kadence-column_d7dc65-d7:not(.specificity){margin-top:10px;margin-right:20px;margin-bottom:0px;margin-left:20px;}@media all and (max-width: 1024px){.kadence-column_d7dc65-d7 > .kt-inside-inner-col{padding-top:0px;padding-right:30px;padding-bottom:60px;padding-left:30px;flex-direction:column;justify-content:center;}}@media all and (max-width: 1024px){.kadence-column_d7dc65-d7, .kt-inside-inner-col > .kadence-column_d7dc65-d7:not(.specificity){margin-top:0px;margin-right:0px;margin-bottom:0px;margin-left:0px;}}@media all and (max-width: 767px){.kadence-column_d7dc65-d7 > .kt-inside-inner-col{padding-top:0px;padding-right:20px;padding-bottom:30px;padding-left:20px;flex-direction:column;justify-content:center;}.kadence-column_d7dc65-d7, .kt-inside-inner-col > .kadence-column_d7dc65-d7:not(.specificity){margin-top:0px;margin-right:0px;margin-bottom:0px;margin-left:0px;}}<\/style>\n<div class=\"wp-block-kadence-column kadence-column_d7dc65-d7 inner-column-1\"><div class=\"kt-inside-inner-col\"><style>.kb-row-layout-wrap.wp-block-kadence-rowlayout.kb-row-layout-id_8e3a4e-41{margin-top:150px;margin-bottom:0px;}.kb-row-layout-id_8e3a4e-41 > .kt-row-column-wrap{align-content:end;}:where(.kb-row-layout-id_8e3a4e-41 > .kt-row-column-wrap) > .wp-block-kadence-column{justify-content:end;}.kb-row-layout-id_8e3a4e-41 > .kt-row-column-wrap{column-gap:var(--global-kb-gap-none, 0rem );row-gap:var(--global-kb-gap-none, 0rem );max-width:1140px;margin-left:auto;margin-right:auto;padding-top:0px;padding-right:0px;padding-bottom:0px;padding-left:0px;grid-template-columns:minmax(0, 1fr);}.kb-row-layout-id_8e3a4e-41 > .kt-row-layout-overlay{opacity:0.30;}@media all and (max-width: 1024px){.kb-row-layout-wrap.wp-block-kadence-rowlayout.kb-row-layout-id_8e3a4e-41{margin-top:150px;margin-bottom:0px;}}@media all and (max-width: 1024px){.kb-row-layout-id_8e3a4e-41 > .kt-row-column-wrap{padding-top:0px;padding-right:100px;padding-bottom:0px;padding-left:100px;grid-template-columns:minmax(0, 1fr);}}@media all and (max-width: 767px){.kb-row-layout-wrap.wp-block-kadence-rowlayout.kb-row-layout-id_8e3a4e-41{margin-top:0px;margin-bottom:0px;}.kb-row-layout-id_8e3a4e-41 > .kt-row-column-wrap{padding-top:0px;padding-right:0px;padding-bottom:0px;padding-left:0px;grid-template-columns:minmax(0, 1fr);}}<\/style><div class=\"kb-row-layout-wrap kb-row-layout-id_8e3a4e-41 alignnone wp-block-kadence-rowlayout\"><div class=\"kt-row-column-wrap kt-has-2-columns kt-row-layout-row kt-tab-layout-row kt-mobile-layout-row kt-row-valign-bottom\">\n<style>.kadence-column_39bbba-85 > .kt-inside-inner-col{padding-top:0px;padding-right:60px;padding-bottom:60px;padding-left:10px;}.kadence-column_39bbba-85 > .kt-inside-inner-col,.kadence-column_39bbba-85 > .kt-inside-inner-col:before{border-top-left-radius:0px;border-top-right-radius:0px;border-bottom-right-radius:0px;border-bottom-left-radius:0px;}.kadence-column_39bbba-85 > .kt-inside-inner-col{column-gap:var(--global-kb-gap-sm, 1rem);}.kadence-column_39bbba-85 > .kt-inside-inner-col{flex-direction:column;}.kadence-column_39bbba-85 > .kt-inside-inner-col > .aligncenter{width:100%;}.kadence-column_39bbba-85 > .kt-inside-inner-col:before{opacity:0.3;}.kadence-column_39bbba-85{position:relative;}.kadence-column_39bbba-85, .kt-inside-inner-col > .kadence-column_39bbba-85:not(.specificity){margin-top:0px;margin-right:0px;margin-bottom:0px;margin-left:0px;}@media all and (max-width: 1024px){.kadence-column_39bbba-85 > .kt-inside-inner-col{padding-top:0px;padding-right:60px;padding-bottom:0px;padding-left:60px;flex-direction:column;justify-content:center;}}@media all and (max-width: 1024px){.kadence-column_39bbba-85, .kt-inside-inner-col > .kadence-column_39bbba-85:not(.specificity){margin-top:0px;margin-right:0px;margin-bottom:0px;margin-left:0px;}}@media all and (max-width: 767px){.kadence-column_39bbba-85 > .kt-inside-inner-col{padding-top:0px;padding-right:0px;padding-bottom:0px;padding-left:0px;flex-direction:column;justify-content:center;}.kadence-column_39bbba-85, .kt-inside-inner-col > .kadence-column_39bbba-85:not(.specificity){margin-top:120px;margin-right:0px;margin-bottom:0px;margin-left:0px;}}<\/style>\n<div class=\"wp-block-kadence-column kadence-column_39bbba-85 inner-column-1\"><div class=\"kt-inside-inner-col\"><style>.wp-block-kadence-advancedheading.kt-adv-heading_0f09b9-83, .wp-block-kadence-advancedheading.kt-adv-heading_0f09b9-83[data-kb-block=\"kb-adv-heading_0f09b9-83\"]{margin-bottom:20px;font-size:17px;font-weight:400;font-style:normal;font-family:Telex;}.wp-block-kadence-advancedheading.kt-adv-heading_0f09b9-83 mark.kt-highlight, .wp-block-kadence-advancedheading.kt-adv-heading_0f09b9-83[data-kb-block=\"kb-adv-heading_0f09b9-83\"] mark.kt-highlight{font-style:normal;color:#f76a0c;-webkit-box-decoration-break:clone;box-decoration-break:clone;padding-top:0px;padding-right:0px;padding-bottom:0px;padding-left:0px;}.wp-block-kadence-advancedheading.kt-adv-heading_0f09b9-83 img.kb-inline-image, .wp-block-kadence-advancedheading.kt-adv-heading_0f09b9-83[data-kb-block=\"kb-adv-heading_0f09b9-83\"] img.kb-inline-image{width:150px;vertical-align:baseline;}@media all and (max-width: 1024px){.wp-block-kadence-advancedheading.kt-adv-heading_0f09b9-83, .wp-block-kadence-advancedheading.kt-adv-heading_0f09b9-83[data-kb-block=\"kb-adv-heading_0f09b9-83\"]{text-align:center!important;}}<\/style>\n<p class=\"kt-adv-heading_0f09b9-83 wp-block-kadence-advancedheading has-theme-palette-1-color has-text-color\" data-kb-block=\"kb-adv-heading_0f09b9-83\">Mit unseren Workshops digital abheben!<\/p>\n\n\n<style>.wp-block-kadence-advancedheading.kt-adv-heading_9726e7-88, .wp-block-kadence-advancedheading.kt-adv-heading_9726e7-88[data-kb-block=\"kb-adv-heading_9726e7-88\"]{margin-top:0px;margin-bottom:32.5px;font-size:65px;font-weight:700;font-style:normal;}.wp-block-kadence-advancedheading.kt-adv-heading_9726e7-88 mark.kt-highlight, .wp-block-kadence-advancedheading.kt-adv-heading_9726e7-88[data-kb-block=\"kb-adv-heading_9726e7-88\"] mark.kt-highlight{font-style:normal;color:#f76a0c;-webkit-box-decoration-break:clone;box-decoration-break:clone;padding-top:0px;padding-right:0px;padding-bottom:0px;padding-left:0px;}.wp-block-kadence-advancedheading.kt-adv-heading_9726e7-88 img.kb-inline-image, .wp-block-kadence-advancedheading.kt-adv-heading_9726e7-88[data-kb-block=\"kb-adv-heading_9726e7-88\"] img.kb-inline-image{width:150px;vertical-align:baseline;}@media all and (max-width: 1024px){.wp-block-kadence-advancedheading.kt-adv-heading_9726e7-88, .wp-block-kadence-advancedheading.kt-adv-heading_9726e7-88[data-kb-block=\"kb-adv-heading_9726e7-88\"]{padding-top:20px;padding-bottom:30px;font-size:80px;text-align:center!important;}}@media all and (max-width: 767px){.wp-block-kadence-advancedheading.kt-adv-heading_9726e7-88, .wp-block-kadence-advancedheading.kt-adv-heading_9726e7-88[data-kb-block=\"kb-adv-heading_9726e7-88\"]{padding-top:0px;padding-right:0px;padding-bottom:0px;padding-left:0px;margin-bottom:40px;font-size:45px;line-height:1em;}}<\/style>\n<h1 class=\"kt-adv-heading_9726e7-88 wp-block-kadence-advancedheading has-theme-palette-3-color has-text-color\" data-kb-block=\"kb-adv-heading_9726e7-88\">Unser MINT-Angebot f\u00fcr Sch\u00fclerinnen und Sch\u00fcler<\/h1>\n<\/div><\/div>\n\n\n<style>.kadence-column_6cd8db-8b > .kt-inside-inner-col,.kadence-column_6cd8db-8b > .kt-inside-inner-col:before{border-top-left-radius:0px;border-top-right-radius:0px;border-bottom-right-radius:0px;border-bottom-left-radius:0px;}.kadence-column_6cd8db-8b > .kt-inside-inner-col{column-gap:var(--global-kb-gap-sm, 1rem);}.kadence-column_6cd8db-8b > .kt-inside-inner-col{flex-direction:column;}.kadence-column_6cd8db-8b > .kt-inside-inner-col > .aligncenter{width:100%;}.kadence-column_6cd8db-8b > .kt-inside-inner-col:before{opacity:0.3;}.kadence-column_6cd8db-8b{position:relative;}@media all and (max-width: 1024px){.kadence-column_6cd8db-8b > .kt-inside-inner-col{flex-direction:column;justify-content:center;}}@media all and (max-width: 767px){.kadence-column_6cd8db-8b > .kt-inside-inner-col{flex-direction:column;justify-content:center;}}<\/style>\n<div class=\"wp-block-kadence-column kadence-column_6cd8db-8b\"><div class=\"kt-inside-inner-col\"><\/div><\/div>\n\n<\/div><\/div><\/div><\/div>\n\n<\/div><\/div>\n\n\n<p><\/p>\n\n\n\n<div class=\"wp-block-columns is-layout-flex wp-container-core-columns-is-layout-9d6595d7 wp-block-columns-is-layout-flex\">\n<div class=\"wp-block-column is-layout-flow wp-block-column-is-layout-flow\" style=\"flex-basis:66.66%\">\n<p style=\"padding-top:var(--wp--preset--spacing--50);padding-right:var(--wp--preset--spacing--50);padding-bottom:var(--wp--preset--spacing--50);padding-left:var(--wp--preset--spacing--50)\">Gemeinsam mit den <strong>zdi-Netzwerken Aachen &amp; Kreis Heinsberg sowie Rhein-Sieg-Kreis<\/strong> bieten wir verschiedene <strong>Online-Workshops<\/strong> f\u00fcr Sch\u00fclerinnen und Sch\u00fcler an, die als Block-Veranstaltungen in den Ferien oder erg\u00e4nzend im Unterricht durchgef\u00fchrt werden. Diese Kurse werden unter anderem durch die Bundesministerien f\u00fcr Schule und Bildung sowie f\u00fcr Kultur und Wissenschaft des Landes NRW gef\u00f6rdert. Ziel ist es, die <strong>Begeisterung im Bereich MINT<\/strong> zu erh\u00f6hen und <strong>Berufe und Studieng\u00e4nge <\/strong>vorzustellen, die f\u00fcr die entsprechenden Themen relevant sind.<\/p>\n<\/div>\n\n\n\n<div class=\"wp-block-column is-layout-flow wp-block-column-is-layout-flow\" style=\"flex-basis:33.33%\">\n<figure class=\"wp-block-image size-full\"><img loading=\"lazy\" decoding=\"async\" width=\"960\" height=\"640\" src=\"https:\/\/akademie-digitale-berufe.com\/wp-content\/uploads\/2023\/06\/catalogs-2754663_960_720-1.jpg\" alt=\"\" class=\"wp-image-3728\" srcset=\"https:\/\/akademie-digitale-berufe.com\/wp-content\/uploads\/2023\/06\/catalogs-2754663_960_720-1.jpg 960w, https:\/\/akademie-digitale-berufe.com\/wp-content\/uploads\/2023\/06\/catalogs-2754663_960_720-1-300x200.jpg 300w, https:\/\/akademie-digitale-berufe.com\/wp-content\/uploads\/2023\/06\/catalogs-2754663_960_720-1-768x512.jpg 768w, https:\/\/akademie-digitale-berufe.com\/wp-content\/uploads\/2023\/06\/catalogs-2754663_960_720-1-600x400.jpg 600w\" sizes=\"auto, (max-width: 960px) 100vw, 960px\" \/><\/figure>\n\n\n\n<div class=\"wp-block-buttons is-content-justification-center is-layout-flex wp-container-core-buttons-is-layout-16018d1d wp-block-buttons-is-layout-flex\">\n<div class=\"wp-block-button is-style-outline is-style-outline--1\"><a class=\"wp-block-button__link wp-element-button\" href=\"https:\/\/akademie-digitale-berufe.com\/wp-content\/uploads\/2023\/06\/Akademie-2023-MINT-Angebot.pdf\">Programm herunterladen!<\/a><\/div>\n<\/div>\n\n\n\n<p><\/p>\n<\/div>\n<\/div>\n\n\n\n<h2 class=\"wp-block-heading\">Unsere MINT-Kurse:<\/h2>\n\n\n\n<div class=\"wp-block-columns is-layout-flex wp-container-core-columns-is-layout-9d6595d7 wp-block-columns-is-layout-flex\">\n<div class=\"wp-block-column is-layout-flow wp-block-column-is-layout-flow\">\n<figure class=\"wp-block-image size-large\"><img loading=\"lazy\" decoding=\"async\" width=\"1058\" height=\"595\" src=\"https:\/\/akademie-digitale-berufe.com\/wp-content\/uploads\/2023\/06\/erklaervideos-selbst-erstellen-edited-2.jpg\" alt=\"\" class=\"wp-image-3819\" srcset=\"https:\/\/akademie-digitale-berufe.com\/wp-content\/uploads\/2023\/06\/erklaervideos-selbst-erstellen-edited-2.jpg 1058w, https:\/\/akademie-digitale-berufe.com\/wp-content\/uploads\/2023\/06\/erklaervideos-selbst-erstellen-edited-2-300x169.jpg 300w, https:\/\/akademie-digitale-berufe.com\/wp-content\/uploads\/2023\/06\/erklaervideos-selbst-erstellen-edited-2-1024x576.jpg 1024w, https:\/\/akademie-digitale-berufe.com\/wp-content\/uploads\/2023\/06\/erklaervideos-selbst-erstellen-edited-2-768x432.jpg 768w, https:\/\/akademie-digitale-berufe.com\/wp-content\/uploads\/2023\/06\/erklaervideos-selbst-erstellen-edited-2-600x337.jpg 600w\" sizes=\"auto, (max-width: 1058px) 100vw, 1058px\" \/><\/figure>\n<\/div>\n\n\n\n<div class=\"wp-block-column is-layout-flow wp-block-column-is-layout-flow\">\n<p><strong>Erkl\u00e4rvideos selbst erstellen!<\/strong><br>Du wolltest schon immer mal Videos selbst erstellen? Ob f\u00fcr YouTube oder die Schule \u2013 Videos haben viele Einsatzm\u00f6glichkeiten. In diesem Workshop lernst Du einzelne Schritte der Videoproduktion kennen sowie Tipps und Tricks, damit du ein sch\u00f6nes Ergebnis erzielst. Wir stellen den Prozess und geeignete Tools vor. Nat\u00fcrlich wirst Du selbst eigene Ideen umsetzen und am Ende dein eigenes Video fertiggestellt haben!<\/p>\n<\/div>\n<\/div>\n\n\n\n<div class=\"wp-block-columns is-layout-flex wp-container-core-columns-is-layout-9d6595d7 wp-block-columns-is-layout-flex\">\n<div class=\"wp-block-column is-layout-flow wp-block-column-is-layout-flow\">\n<figure class=\"wp-block-image size-large\"><img loading=\"lazy\" decoding=\"async\" width=\"1058\" height=\"595\" src=\"https:\/\/akademie-digitale-berufe.com\/wp-content\/uploads\/2023\/06\/entwickel-eine-spieleapp-edited-1.jpg\" alt=\"\" class=\"wp-image-3822\" srcset=\"https:\/\/akademie-digitale-berufe.com\/wp-content\/uploads\/2023\/06\/entwickel-eine-spieleapp-edited-1.jpg 1058w, https:\/\/akademie-digitale-berufe.com\/wp-content\/uploads\/2023\/06\/entwickel-eine-spieleapp-edited-1-300x169.jpg 300w, https:\/\/akademie-digitale-berufe.com\/wp-content\/uploads\/2023\/06\/entwickel-eine-spieleapp-edited-1-1024x576.jpg 1024w, https:\/\/akademie-digitale-berufe.com\/wp-content\/uploads\/2023\/06\/entwickel-eine-spieleapp-edited-1-768x432.jpg 768w, https:\/\/akademie-digitale-berufe.com\/wp-content\/uploads\/2023\/06\/entwickel-eine-spieleapp-edited-1-600x337.jpg 600w\" sizes=\"auto, (max-width: 1058px) 100vw, 1058px\" \/><\/figure>\n<\/div>\n\n\n\n<div class=\"wp-block-column is-layout-flow wp-block-column-is-layout-flow\">\n<p><strong>Design Thinkung: Entwickelt eure eigene Spiele-App!<\/strong><br>Jeder von Euch kennt Spiele-Apps: Sie tauchen pl\u00f6tzlich auf, machen s\u00fcchtig und irgendwann verfliegt der Hype wieder. Aber wie schaffen es diese Apps, einen in den Bann zu ziehen? In unserem Workshop entwerft Ihr Euer eigenes Spieldesign nach der Methode Design Thinking. Ihr lernt Strategien und Prozesse kennen, um eine App kontinuierlich zu verbessern und neue Ideen umzusetzen.<\/p>\n<\/div>\n<\/div>\n\n\n\n<div class=\"wp-block-columns is-layout-flex wp-container-core-columns-is-layout-9d6595d7 wp-block-columns-is-layout-flex\">\n<div class=\"wp-block-column is-layout-flow wp-block-column-is-layout-flow\">\n<figure class=\"wp-block-image size-large\"><img loading=\"lazy\" decoding=\"async\" width=\"1058\" height=\"595\" src=\"https:\/\/akademie-digitale-berufe.com\/wp-content\/uploads\/2023\/06\/usability-im-alltag-edited-1.jpg\" alt=\"\" class=\"wp-image-3823\" srcset=\"https:\/\/akademie-digitale-berufe.com\/wp-content\/uploads\/2023\/06\/usability-im-alltag-edited-1.jpg 1058w, https:\/\/akademie-digitale-berufe.com\/wp-content\/uploads\/2023\/06\/usability-im-alltag-edited-1-300x169.jpg 300w, https:\/\/akademie-digitale-berufe.com\/wp-content\/uploads\/2023\/06\/usability-im-alltag-edited-1-1024x576.jpg 1024w, https:\/\/akademie-digitale-berufe.com\/wp-content\/uploads\/2023\/06\/usability-im-alltag-edited-1-768x432.jpg 768w, https:\/\/akademie-digitale-berufe.com\/wp-content\/uploads\/2023\/06\/usability-im-alltag-edited-1-600x337.jpg 600w\" sizes=\"auto, (max-width: 1058px) 100vw, 1058px\" \/><\/figure>\n<\/div>\n\n\n\n<div class=\"wp-block-column is-layout-flow wp-block-column-is-layout-flow\">\n<p><strong>Usability im Alltag: Designt zielgruppengerechte und nutzerfreundliche Produkte!<\/strong><br>Welche Aspekte sind daf\u00fcr ausschlaggebend, dass die Interaktion mit Gegenst\u00e4nden problemlos verl\u00e4uft? In diesem Workshop lernt Ihr die Grundlagen der Usability kennen. Ihr lernt eine Menge \u00fcber menschliche Wahrnehmung, zielorientiertes Handeln und den Designprozess. Im kreativen Designprozess entwickelt Ihr einen eigenen interaktiven Gegenstand, pr\u00fcft die Funktionalit\u00e4t und verbessert ihn. Nach diesem Workshop werdet Ihr die Welt aus einem anderen Blockwinkel betrachten!<\/p>\n<\/div>\n<\/div>\n\n\n\n<div class=\"wp-block-columns is-layout-flex wp-container-core-columns-is-layout-9d6595d7 wp-block-columns-is-layout-flex\">\n<div class=\"wp-block-column is-layout-flow wp-block-column-is-layout-flow\">\n<figure class=\"wp-block-image size-large\"><img loading=\"lazy\" decoding=\"async\" width=\"1058\" height=\"595\" src=\"https:\/\/akademie-digitale-berufe.com\/wp-content\/uploads\/2023\/06\/computerlinguistik-edited-1.jpg\" alt=\"\" class=\"wp-image-3824\" srcset=\"https:\/\/akademie-digitale-berufe.com\/wp-content\/uploads\/2023\/06\/computerlinguistik-edited-1.jpg 1058w, https:\/\/akademie-digitale-berufe.com\/wp-content\/uploads\/2023\/06\/computerlinguistik-edited-1-300x169.jpg 300w, https:\/\/akademie-digitale-berufe.com\/wp-content\/uploads\/2023\/06\/computerlinguistik-edited-1-1024x576.jpg 1024w, https:\/\/akademie-digitale-berufe.com\/wp-content\/uploads\/2023\/06\/computerlinguistik-edited-1-768x432.jpg 768w, https:\/\/akademie-digitale-berufe.com\/wp-content\/uploads\/2023\/06\/computerlinguistik-edited-1-600x337.jpg 600w\" sizes=\"auto, (max-width: 1058px) 100vw, 1058px\" \/><\/figure>\n<\/div>\n\n\n\n<div class=\"wp-block-column is-layout-flow wp-block-column-is-layout-flow\">\n<p><strong>Computerlinguistik &#8211; Was ist Sprache und wie versteht und der Computer?<\/strong><br>Was ist eigentlich Sprache und wie kommuniziert man mit dem Computer? Wie ist es m\u00f6glich, dass man mit der Stimme im Internet K\u00e4ufe abschlie\u00dfen kann? Mit solchen Fragen befasst sich die Computerlinguistik. In unserem Kurs lernt ihr zwei Perspektiven auf Sprache kennen: eine linguistische und eine mathematische. Ihr entwerft eigene innovative Konzepte, die ein aktuelles Problem in der Computerlinguistik behandeln und bekommt ein neues Verst\u00e4ndnis von der Mensch-Computer-Interaktion!&nbsp;<\/p>\n<\/div>\n<\/div>\n\n\n\n<div class=\"wp-block-columns is-layout-flex wp-container-core-columns-is-layout-9d6595d7 wp-block-columns-is-layout-flex\">\n<div class=\"wp-block-column is-layout-flow wp-block-column-is-layout-flow\"><\/div>\n<\/div>\n\n\n\n<div class=\"wp-block-columns is-layout-flex wp-container-core-columns-is-layout-9d6595d7 wp-block-columns-is-layout-flex\">\n<div class=\"wp-block-column is-layout-flow wp-block-column-is-layout-flow\">\n<figure class=\"wp-block-image size-large\"><img loading=\"lazy\" decoding=\"async\" width=\"1058\" height=\"595\" src=\"https:\/\/akademie-digitale-berufe.com\/wp-content\/uploads\/2023\/06\/baue-einen-online-shop-edited-1.jpg\" alt=\"\" class=\"wp-image-3825\" srcset=\"https:\/\/akademie-digitale-berufe.com\/wp-content\/uploads\/2023\/06\/baue-einen-online-shop-edited-1.jpg 1058w, https:\/\/akademie-digitale-berufe.com\/wp-content\/uploads\/2023\/06\/baue-einen-online-shop-edited-1-300x169.jpg 300w, https:\/\/akademie-digitale-berufe.com\/wp-content\/uploads\/2023\/06\/baue-einen-online-shop-edited-1-1024x576.jpg 1024w, https:\/\/akademie-digitale-berufe.com\/wp-content\/uploads\/2023\/06\/baue-einen-online-shop-edited-1-768x432.jpg 768w, https:\/\/akademie-digitale-berufe.com\/wp-content\/uploads\/2023\/06\/baue-einen-online-shop-edited-1-600x337.jpg 600w\" sizes=\"auto, (max-width: 1058px) 100vw, 1058px\" \/><\/figure>\n<\/div>\n\n\n\n<div class=\"wp-block-column is-layout-flow wp-block-column-is-layout-flow\">\n<p><strong>E-Commerce: Entwickelt euren eigenen Online-Shop!<\/strong><br>Der Handel findet heutzutage zu gro\u00dfen Teilen online statt. In \u00fcbersichtlichen Online-Shops kann man st\u00f6bern und sich inspirieren lassen. Aber was macht Online-Shops attraktiv? In unserem Workshop entwerft Ihr Euren eigenen Online-Shop. Dabei werden die gestalterischen und funktionalen Anforderungen besprochen und von Euch umgesetzt.<\/p>\n<\/div>\n<\/div>\n\n\n\n<div class=\"wp-block-columns is-layout-flex wp-container-core-columns-is-layout-9d6595d7 wp-block-columns-is-layout-flex\">\n<div class=\"wp-block-column is-layout-flow wp-block-column-is-layout-flow\"><\/div>\n<\/div>\n","protected":false},"excerpt":{"rendered":"<p>Mit unseren Workshops digital abheben! Unser MINT-Angebot f\u00fcr Sch\u00fclerinnen und Sch\u00fcler Gemeinsam mit den zdi-Netzwerken Aachen &amp; Kreis Heinsberg sowie Rhein-Sieg-Kreis bieten wir verschiedene Online-Workshops f\u00fcr Sch\u00fclerinnen und Sch\u00fcler an, die als Block-Veranstaltungen in den Ferien oder erg\u00e4nzend im Unterricht durchgef\u00fchrt werden. Diese Kurse werden unter anderem durch die Bundesministerien f\u00fcr Schule und Bildung sowie&#8230;<\/p>","protected":false},"author":2,"featured_media":0,"parent":0,"menu_order":0,"comment_status":"closed","ping_status":"closed","template":"","meta":{"_eb_attr":"","_kadence_starter_templates_imported_post":false,"_kad_post_transparent":"","_kad_post_title":"hide","_kad_post_layout":"","_kad_post_sidebar_id":"","_kad_post_content_style":"","_kad_post_vertical_padding":"","_kad_post_feature":"","_kad_post_feature_position":"","_kad_post_header":false,"_kad_post_footer":false,"_kad_post_classname":"","footnotes":""},"class_list":["post-3243","page","type-page","status-publish","hentry"],"_links":{"self":[{"href":"https:\/\/akademie-digitale-berufe.com\/en\/wp-json\/wp\/v2\/pages\/3243","targetHints":{"allow":["GET"]}}],"collection":[{"href":"https:\/\/akademie-digitale-berufe.com\/en\/wp-json\/wp\/v2\/pages"}],"about":[{"href":"https:\/\/akademie-digitale-berufe.com\/en\/wp-json\/wp\/v2\/types\/page"}],"author":[{"embeddable":true,"href":"https:\/\/akademie-digitale-berufe.com\/en\/wp-json\/wp\/v2\/users\/2"}],"replies":[{"embeddable":true,"href":"https:\/\/akademie-digitale-berufe.com\/en\/wp-json\/wp\/v2\/comments?post=3243"}],"version-history":[{"count":12,"href":"https:\/\/akademie-digitale-berufe.com\/en\/wp-json\/wp\/v2\/pages\/3243\/revisions"}],"predecessor-version":[{"id":4661,"href":"https:\/\/akademie-digitale-berufe.com\/en\/wp-json\/wp\/v2\/pages\/3243\/revisions\/4661"}],"wp:attachment":[{"href":"https:\/\/akademie-digitale-berufe.com\/en\/wp-json\/wp\/v2\/media?parent=3243"}],"curies":[{"name":"wp","href":"https:\/\/api.w.org\/{rel}","templated":true}]}}